{"id":10553,"date":"2020-06-15T09:41:47","date_gmt":"2020-06-15T09:41:47","guid":{"rendered":"https:\/\/demo.wpthemego.com\/themes\/sw_shoppy\/?page_id=10553"},"modified":"2022-05-31T16:00:55","modified_gmt":"2022-05-31T19:00:55","slug":"sobre-nos","status":"publish","type":"page","link":"https:\/\/mistersates-import.com.br\/loja\/sobre-nos\/","title":{"rendered":"Sobre N\u00f3s"},"content":{"rendered":"\t\t<div data-elementor-type=\"wp-page\" data-elementor-id=\"10553\" class=\"elementor elementor-10553\" data-elementor-settings=\"[]\">\n\t\t\t\t\t\t<div class=\"elementor-inner\">\n\t\t\t\t\t\t\t<div class=\"elementor-section-wrap\">\n\t\t\t\t\t\t\t<section class=\"elementor-section elementor-top-section elementor-element elementor-element-74315eb elementor-section-boxed elementor-section-height-default elementor-section-height-default\" data-id=\"74315eb\" data-element_type=\"section\">\n\t\t\t\t\t\t<div class=\"elementor-container elementor-column-gap-default\">\n\t\t\t\t\t\t\t<div class=\"elementor-row\">\n\t\t\t\t\t<div class=\"elementor-column elementor-col-66 elementor-top-column elementor-element elementor-element-adfc30f\" data-id=\"adfc30f\" data-element_type=\"column\">\n\t\t\t<div class=\"elementor-column-wrap elementor-element-populated\">\n\t\t\t\t\t\t\t<div class=\"elementor-widget-wrap\">\n\t\t\t\t\t\t<div class=\"elementor-element elementor-element-a219a81 elementor-widget elementor-widget-text-editor\" data-id=\"a219a81\" data-element_type=\"widget\" data-widget_type=\"text-editor.default\">\n\t\t\t\t<div class=\"elementor-widget-container\">\n\t\t\t\t\t<div class=\"elementor-text-editor elementor-clearfix\"><p><strong>SOBRE N\u00d3S<\/strong><\/p><p>Fale conosco sempre que quiser<br \/>N\u00f3s estamos dispon\u00edveis por chat e telefone das 10:00h as 13:00h e das 15:00h as 19:00h, de 2\u00aa a 6\u00aa- feira.<br \/>Para acessar o chat, basta clicar no bot\u00e3o no canto direito inferior da p\u00e1gina principal da Mistersates Import.<br \/>Caso queira atendimento pelo telefone, o n\u00famero \u00e9 (27) 981059585.<br \/>Caso tenha d\u00favidas em outro hor\u00e1rio, pode clicar no \u201cFale Conosco\u201d no canto direito superior da tela. Retornaremos o mais breve poss\u00edvel.<\/p><p>Se preferir, pode enviar e-mail para: contatos@mistersate-import.com.br<br \/>N\u00f3s somos uma empresa de verdade!<br \/>A Mistersates Import \u00e9 a loja online fundada em 2011, localizada na cidade de Vit\u00f3ria- ES.<\/p><p>Nossa raz\u00e3o social \u00e9 Mistersates Import e nosso Cadastro Nacional de Pessoas Jur\u00eddicas (CNPJ) \u00e9 o 21.986.337\/0001-90.<br \/>Voc\u00ea pode consultar o nosso CNPJ no site da Receita Federal: www.receita.fazenda.gov.br<\/p><p><strong>Miss\u00e3o, Vis\u00e3o e Valores<\/strong><\/p><p>Nossa Miss\u00e3o \u00e9 \u201cSatisfazer os desejos de nossos clientes oferecendo produtos de qualidade e bom gosto, entregando de forma \u00e1gil e prezando sempre pela excel\u00eancia no atendimento\u201d.<\/p><p>Temos como Vis\u00e3o \u201cSer reconhecida como uma loja virtual s\u00e9ria e comprometida com seus clientes, visando sempre o bom atendimento e o crescimento sustent\u00e1vel\u201d.<\/p><p>Nossos Valores s\u00e3o pautados em \u201c\u00c9tica, Respeito e Comprometimento com nossos clientes\u201d.<\/p><p><!-- \/wp:paragraph --><\/p><\/div>\n\t\t\t\t<\/div>\n\t\t\t\t<\/div>\n\t\t\t\t\t\t<\/div>\n\t\t\t\t\t<\/div>\n\t\t<\/div>\n\t\t\t\t<div class=\"elementor-column elementor-col-33 elementor-top-column elementor-element elementor-element-a647bef\" data-id=\"a647bef\" data-element_type=\"column\">\n\t\t\t<div class=\"elementor-column-wrap elementor-element-populated\">\n\t\t\t\t\t\t\t<div class=\"elementor-widget-wrap\">\n\t\t\t\t\t\t<div class=\"elementor-element elementor-element-634819b elementor-widget elementor-widget-image\" data-id=\"634819b\" data-element_type=\"widget\" data-widget_type=\"image.default\">\n\t\t\t\t<div class=\"elementor-widget-container\">\n\t\t\t\t\t<div class=\"elementor-image\">\n\t\t\t\t\t\t\t\t\t\t<img loading=\"lazy\" decoding=\"async\" width=\"200\" height=\"200\" src=\"https:\/\/mistersates-import.com.br\/loja\/wp-content\/uploads\/2021\/05\/favicon-mister-sates-2.png\" class=\"attachment-large size-large\" alt=\"\" srcset=\"https:\/\/mistersates-import.com.br\/loja\/wp-content\/uploads\/2021\/05\/favicon-mister-sates-2.png 200w, https:\/\/mistersates-import.com.br\/loja\/wp-content\/uploads\/2021\/05\/favicon-mister-sates-2-150x150.png 150w, https:\/\/mistersates-import.com.br\/loja\/wp-content\/uploads\/2021\/05\/favicon-mister-sates-2-100x100.png 100w\" sizes=\"(max-width: 200px) 100vw, 200px\" \/>\t\t\t\t\t\t\t\t\t\t\t<\/div>\n\t\t\t\t<\/div>\n\t\t\t\t<\/div>\n\t\t\t\t\t\t<\/div>\n\t\t\t\t\t<\/div>\n\t\t<\/div>\n\t\t\t\t\t\t\t\t<\/div>\n\t\t\t\t\t<\/div>\n\t\t<\/section>\n\t\t\t\t<section class=\"elementor-section elementor-top-section elementor-element elementor-element-56b2691 elementor-section-boxed elementor-section-height-default elementor-section-height-default\" data-id=\"56b2691\" data-element_type=\"section\">\n\t\t\t\t\t\t<div class=\"elementor-container elementor-column-gap-default\">\n\t\t\t\t\t\t\t<div class=\"elementor-row\">\n\t\t\t\t\t<div class=\"elementor-column elementor-col-100 elementor-top-column elementor-element elementor-element-c5d60c8\" data-id=\"c5d60c8\" data-element_type=\"column\">\n\t\t\t<div class=\"elementor-column-wrap\">\n\t\t\t\t\t\t\t<div class=\"elementor-widget-wrap\">\n\t\t\t\t\t\t\t\t<\/div>\n\t\t\t\t\t<\/div>\n\t\t<\/div>\n\t\t\t\t\t\t\t\t<\/div>\n\t\t\t\t\t<\/div>\n\t\t<\/section>\n\t\t\t\t\t\t<\/div>\n\t\t\t\t\t\t<\/div>\n\t\t\t\t\t<\/div>\n\t\t","protected":false},"excerpt":{"rendered":"<p>SOBRE N\u00d3S Fale conosco sempre que quiserN\u00f3s estamos dispon\u00edveis por chat e telefone das 10:00h as 13:00h e das 15:00h as 19:00h, de 2\u00aa a 6\u00aa- feira.Para acessar o chat, basta clicar no bot\u00e3o no canto direito inferior da p\u00e1gina &hellip; <a href=\"https:\/\/mistersates-import.com.br\/loja\/sobre-nos\/\">Readmore<\/a><\/p>\n","protected":false},"author":1,"featured_media":0,"parent":0,"menu_order":0,"comment_status":"closed","ping_status":"closed","template":"page-notitle.php","meta":{"footnotes":"","_joinchat":[]},"_links":{"self":[{"href":"https:\/\/mistersates-import.com.br\/loja\/wp-json\/wp\/v2\/pages\/10553"}],"collection":[{"href":"https:\/\/mistersates-import.com.br\/loja\/wp-json\/wp\/v2\/pages"}],"about":[{"href":"https:\/\/mistersates-import.com.br\/loja\/wp-json\/wp\/v2\/types\/page"}],"author":[{"embeddable":true,"href":"https:\/\/mistersates-import.com.br\/loja\/wp-json\/wp\/v2\/users\/1"}],"replies":[{"embeddable":true,"href":"https:\/\/mistersates-import.com.br\/loja\/wp-json\/wp\/v2\/comments?post=10553"}],"version-history":[{"count":0,"href":"https:\/\/mistersates-import.com.br\/loja\/wp-json\/wp\/v2\/pages\/10553\/revisions"}],"wp:attachment":[{"href":"https:\/\/mistersates-import.com.br\/loja\/wp-json\/wp\/v2\/media?parent=10553"}],"curies":[{"name":"wp","href":"https:\/\/api.w.org\/{rel}","templated":true}]}}