{"id":12136,"date":"2021-06-11T18:33:29","date_gmt":"2021-06-11T21:33:29","guid":{"rendered":"http:\/\/mistersates-import.com.br\/loja\/?post_type=product&#038;p=12136"},"modified":"2026-04-15T09:00:05","modified_gmt":"2026-04-15T12:00:05","slug":"gopro-base-de-fixacao-planas-reta","status":"publish","type":"product","link":"https:\/\/mistersates-import.com.br\/loja\/product\/gopro-base-de-fixacao-planas-reta\/","title":{"rendered":"Gopro &#8211; Base De Fixa\u00e7\u00e3o &#8211; Planas (Reta) Sem Adesivo"},"content":{"rendered":"<p>Compat\u00edvel em todos os modelos Gopro e outras c\u00e2meras.<br \/>\nAten\u00e7\u00e3o: Este suporte n\u00e3o \u00e9 fabricado pela Gopro, mas garanto a qualidade.<\/p>\n<p><strong>Especifica\u00e7\u00f5es:<\/strong><\/p>\n<p>Cor: Preto<br \/>\nMedidas: 4cm x 5cm<br \/>\nPeso: 23gr<\/p>\n<p><strong>Itens inclusos:<\/strong><\/p>\n<p>1 x\u00a0 Base Fixa\u00e7\u00e3o Plana (RETA) &#8211; SEM ADESIVO<\/p>\n<p>&nbsp;<\/p>\n<p>Compatibilidade:<\/p>\n<p>GoPro HERO (TODOS OS MODELOS)<\/p>\n<p>Produto em pl\u00e1stico injetado de alta resist\u00eancia!<\/p>\n<p>Excelente acabamento e resistente a UV!<\/p>\n<p>&nbsp;<\/p>\n","protected":false},"excerpt":{"rendered":"<p><strong>01 Un Base De Fixa\u00e7\u00e3o &#8211; Planas (Reta) Sem Adesivo<\/strong><\/p>\n","protected":false},"featured_media":12141,"template":"","meta":{"_joinchat":[]},"_links":{"self":[{"href":"https:\/\/mistersates-import.com.br\/loja\/wp-json\/wp\/v2\/product\/12136"}],"collection":[{"href":"https:\/\/mistersates-import.com.br\/loja\/wp-json\/wp\/v2\/product"}],"about":[{"href":"https:\/\/mistersates-import.com.br\/loja\/wp-json\/wp\/v2\/types\/product"}],"wp:featuredmedia":[{"embeddable":true,"href":"https:\/\/mistersates-import.com.br\/loja\/wp-json\/wp\/v2\/media\/12141"}],"wp:attachment":[{"href":"https:\/\/mistersates-import.com.br\/loja\/wp-json\/wp\/v2\/media?parent=12136"}],"curies":[{"name":"wp","href":"https:\/\/api.w.org\/{rel}","templated":true}]}}