{"id":12161,"date":"2021-06-19T11:47:41","date_gmt":"2021-06-19T14:47:41","guid":{"rendered":"http:\/\/mistersates-import.com.br\/loja\/?post_type=product&#038;p=12161"},"modified":"2026-04-21T17:19:06","modified_gmt":"2026-04-21T20:19:06","slug":"adesivos-3m-reto-gopro-sjcam-xiaomi-yi","status":"publish","type":"product","link":"https:\/\/mistersates-import.com.br\/loja\/product\/adesivos-3m-reto-gopro-sjcam-xiaomi-yi\/","title":{"rendered":"Adesivos 3m &#8211; Reto &#8211; Gopro Sjcam Xiaomi Yi"},"content":{"rendered":"<p class=\"ui-pdp-description__content\">Estes adesivos podem ser utilizados para aproveitar sua base plana (RETO) ou boia flutuante para conectar em outra caixa estanque ou capacete ou qualquer outro acess\u00f3rio que necessite do adesivo.<\/p>\n<p><strong>Compat\u00edvel:<\/strong><br \/>\nTodos os modelos de GoPro, SJCAM, Yi, EKEN e demais C\u00e2meras de A\u00e7\u00e3o<\/p>\n<p><strong>Itens Inclusos:<\/strong><br \/>\n1 Adesivos de Fixa\u00e7\u00e3o Reto (PLANA)<\/p>\n<p><strong>Garantia:<\/strong><br \/>\nN\u00e3o se aplica<\/p>\n<p><strong>Observa\u00e7\u00f5es:<\/strong><br \/>\nImagens meramente ilustrativas<\/p>\n","protected":false},"excerpt":{"rendered":"<p><strong>1 Adesivos de Fixa\u00e7\u00e3o Reto (PLANA)<\/strong><\/p>\n","protected":false},"featured_media":17688,"template":"","meta":{"_joinchat":[]},"_links":{"self":[{"href":"https:\/\/mistersates-import.com.br\/loja\/wp-json\/wp\/v2\/product\/12161"}],"collection":[{"href":"https:\/\/mistersates-import.com.br\/loja\/wp-json\/wp\/v2\/product"}],"about":[{"href":"https:\/\/mistersates-import.com.br\/loja\/wp-json\/wp\/v2\/types\/product"}],"wp:featuredmedia":[{"embeddable":true,"href":"https:\/\/mistersates-import.com.br\/loja\/wp-json\/wp\/v2\/media\/17688"}],"wp:attachment":[{"href":"https:\/\/mistersates-import.com.br\/loja\/wp-json\/wp\/v2\/media?parent=12161"}],"curies":[{"name":"wp","href":"https:\/\/api.w.org\/{rel}","templated":true}]}}