{"id":12162,"date":"2021-06-19T12:08:38","date_gmt":"2021-06-19T15:08:38","guid":{"rendered":"http:\/\/mistersates-import.com.br\/loja\/?post_type=product&#038;p=12162"},"modified":"2026-02-26T13:00:27","modified_gmt":"2026-02-26T16:00:27","slug":"25-em-1-precisao-chave-de-fenda-para-telefones","status":"publish","type":"product","link":"https:\/\/mistersates-import.com.br\/loja\/product\/25-em-1-precisao-chave-de-fenda-para-telefones\/","title":{"rendered":"Kit de Ferramentas 25 em 1 Precis\u00e3o chave de fenda para Telefones"},"content":{"rendered":"<p>O Kit de Ferramentas 25 em 1 \u00e9 ideal para voc\u00ea que precisa ter um kit de chaves de precis\u00e3o, pr\u00e1tico, vers\u00e1til e f\u00e1cil para transportar.<\/p>\n<p>Com este jogo de ferramentas, voc\u00ea ter\u00e1 sempre \u00e0 m\u00e3o, chaves que necessita cotidianamente para qualquer tipo de utilidade.<\/p>\n<p>Especifica\u00e7\u00f5es:<\/p>\n<p>\u2022 Estojo com Trava de Seguran\u00e7a<br \/>\n\u2022 Possui Forte \u00cdm\u00e3 de Fixa\u00e7\u00e3o<br \/>\n\u2022 Tamanho Aproximado: 20 x 10,5 cm<br \/>\n\u2022 Cinco-estrelas de fenda: 0,8 1,2<br \/>\n\u2022 Trox chave de fenda: T2 T3 T4 T5 T6 T7 T8 T9 T10 T15<br \/>\n\u2022 Y Chave de Fenda: 2,0<br \/>\n\u2022 Chave de Fenda Cruz: 1,0 1,2 2,0 3,0<br \/>\n\u2022 Chave de Fenda Flat: 1,0 1,5 2,0 3,0<br \/>\n\u2022 Ponto Chave de Fenda: 0,8<\/p>\n<p>ATEN\u00c7\u00c3O!!!<\/p>\n<p>\u2022 SERVE PARA MANUTEN\u00c7\u00c3O DE IPHONES, MOTOROLA E PS4<br \/>\nIDEAL PARA REPARO DE \u00d3CULOS<\/p>\n<p>\u2022 FEITA EM A\u00c7O CROMO VAN\u00c1DIO<\/p>\n<p>\u2022 PARA COMPRAR OUTRAS QUANTIDADES, SOLICITE VIA PERGUNTA<\/p>\n<p>Itens Inclusos:<\/p>\n<p>01 Kit Ferramenta 25 em 1<\/p>\n","protected":false},"excerpt":{"rendered":"<p><strong>Kit de Ferramentas Chave Fenda Phillips Torx Para Celular 25 Em 1 !<\/strong><\/p>\n","protected":false},"featured_media":12163,"template":"","meta":{"_joinchat":[]},"_links":{"self":[{"href":"https:\/\/mistersates-import.com.br\/loja\/wp-json\/wp\/v2\/product\/12162"}],"collection":[{"href":"https:\/\/mistersates-import.com.br\/loja\/wp-json\/wp\/v2\/product"}],"about":[{"href":"https:\/\/mistersates-import.com.br\/loja\/wp-json\/wp\/v2\/types\/product"}],"wp:featuredmedia":[{"embeddable":true,"href":"https:\/\/mistersates-import.com.br\/loja\/wp-json\/wp\/v2\/media\/12163"}],"wp:attachment":[{"href":"https:\/\/mistersates-import.com.br\/loja\/wp-json\/wp\/v2\/media?parent=12162"}],"curies":[{"name":"wp","href":"https:\/\/api.w.org\/{rel}","templated":true}]}}