{"id":12176,"date":"2021-06-19T13:20:04","date_gmt":"2021-06-19T16:20:04","guid":{"rendered":"http:\/\/mistersates-import.com.br\/loja\/?post_type=product&#038;p=12176"},"modified":"2026-03-04T10:42:22","modified_gmt":"2026-03-04T13:42:22","slug":"suporte-mao-gopro-hand-estilo-luva-strap-go-pro-pulso-braco","status":"publish","type":"product","link":"https:\/\/mistersates-import.com.br\/loja\/product\/suporte-mao-gopro-hand-estilo-luva-strap-go-pro-pulso-braco\/","title":{"rendered":"Suporte M\u00e3o  Estilo Luva Strap GoPro Pulso Bra\u00e7o"},"content":{"rendered":"<p>Este suporte para c\u00e2meras de a\u00e7\u00e3o \u00e9 um acess\u00f3rio multifuncional com al\u00e7as para fixa\u00e7\u00e3o da c\u00e2mera na m\u00e3o, pulso, bra\u00e7os ou pernas, que possibilita capturar fotos e v\u00eddeos de diversos \u00e2ngulos e pontos de vista, para tornar a experi\u00eancia com sua GoPro ainda mais completa!<br \/>\nO suporte \u00e9 feito com materiais de alta qualidade e durabilidade, f\u00e1cil de instalar e de remover, com al\u00e7as fixadoras que se encaixam em torno de seu pulso, m\u00e3o, bra\u00e7o, perna ou objetos maiores, al\u00e9m de oferecer 360 de rota\u00e7\u00e3o e inclina\u00e7\u00e3o que permite ajustar o seu \u00e2ngulo de captura em tempo real. Ele \u00e9 ideal para in\u00fameras atividades (Surfar, Praticar Mergulho Livre, Escalar E Esquiar) e totalmente ajust\u00e1vel para atender uma ampla gama de tamanhos de adultos.<\/p>\n<p>Caracter\u00edsticas Gerais:<br \/>\nMaterial: Nylon + Pl\u00e1stico PVC<\/p>\n<p>Compat\u00edvel:<br \/>\nTodos os modelos de GoPro, SJCAM, Yi, EKEN e demais C\u00e2meras de A\u00e7\u00e3o<\/p>\n<p>Garantia:<br \/>\n90 dias para defeitos de fabrica\u00e7\u00e3o<\/p>\n<p>Itens Inclusos:<\/p>\n<p>1 X Suporte De Pulso<\/p>\n<p>N\u00e3o Acompanham Acess\u00f3rios<br \/>\nN\u00e3o Acompanha C\u00e2mera Gopro<br \/>\nImagens Meramente Ilustrativas<br \/>\nProduto N\u00e3o Fabricado Pela Gopro<\/p>\n","protected":false},"excerpt":{"rendered":"<p><strong>Suporte M\u00e3o Gopro Hand Estilo Luva Strap Go Pro Pulso Bra\u00e7o<\/strong><\/p>\n","protected":false},"featured_media":12177,"template":"","meta":{"_joinchat":[]},"_links":{"self":[{"href":"https:\/\/mistersates-import.com.br\/loja\/wp-json\/wp\/v2\/product\/12176"}],"collection":[{"href":"https:\/\/mistersates-import.com.br\/loja\/wp-json\/wp\/v2\/product"}],"about":[{"href":"https:\/\/mistersates-import.com.br\/loja\/wp-json\/wp\/v2\/types\/product"}],"wp:featuredmedia":[{"embeddable":true,"href":"https:\/\/mistersates-import.com.br\/loja\/wp-json\/wp\/v2\/media\/12177"}],"wp:attachment":[{"href":"https:\/\/mistersates-import.com.br\/loja\/wp-json\/wp\/v2\/media?parent=12176"}],"curies":[{"name":"wp","href":"https:\/\/api.w.org\/{rel}","templated":true}]}}