{"id":12183,"date":"2021-06-19T13:39:58","date_gmt":"2021-06-19T16:39:58","guid":{"rendered":"http:\/\/mistersates-import.com.br\/loja\/?post_type=product&#038;p=12183"},"modified":"2025-10-12T13:15:17","modified_gmt":"2025-10-12T16:15:17","slug":"adaptador-3-em-1-chip-nano-sim-micro-card-iphone-4g4s5-6-7-8-android","status":"publish","type":"product","link":"https:\/\/mistersates-import.com.br\/loja\/product\/adaptador-3-em-1-chip-nano-sim-micro-card-iphone-4g4s5-6-7-8-android\/","title":{"rendered":"Adaptador 3 Em 1 Chip Nano Sim Micro Card PARA Iphone E android"},"content":{"rendered":"<p>Troque de o Chip do seu Celular sem preocupa\u00e7\u00f5es, com esse kit voc\u00ea poder\u00e1 utilizar seu chip tradicional em qualquer aparelho, inclusive Iphone, Ipad, e outros que utilizem padr\u00e3o de Chip Micro SIM e Nano Sim.<\/p>\n<p><strong>Itens Inclusos:<\/strong><\/p>\n<p>1 Adaptador Nano Sim Para Micro Sim<br \/>\n1 Adaptador Nano Sim para Sim Padr\u00e3o<br \/>\n1 Adaptador Micro Sim para Sim Padr\u00e3o<br \/>\n1 Chave<\/p>\n","protected":false},"excerpt":{"rendered":"<p>1 Adaptador Nano Sim Para Micro Sim<br \/>\n1 Adaptador Nano Sim para Sim Padr\u00e3o<br \/>\n1 Adaptador Micro Sim para Sim Padr\u00e3o<br \/>\n1 Chave<\/p>\n<p>Temos nas cores Branca e Preta.<\/p>\n<p>Ser\u00e1 enviado na cor dispon\u00edvel em nosso estoque no ato do envio. (Caso queira uma cor espec\u00edfica, nos enviar uma mensagem antes de efetuar a compra).<\/p>\n","protected":false},"featured_media":15648,"template":"","meta":{"_joinchat":[]},"_links":{"self":[{"href":"https:\/\/mistersates-import.com.br\/loja\/wp-json\/wp\/v2\/product\/12183"}],"collection":[{"href":"https:\/\/mistersates-import.com.br\/loja\/wp-json\/wp\/v2\/product"}],"about":[{"href":"https:\/\/mistersates-import.com.br\/loja\/wp-json\/wp\/v2\/types\/product"}],"wp:featuredmedia":[{"embeddable":true,"href":"https:\/\/mistersates-import.com.br\/loja\/wp-json\/wp\/v2\/media\/15648"}],"wp:attachment":[{"href":"https:\/\/mistersates-import.com.br\/loja\/wp-json\/wp\/v2\/media?parent=12183"}],"curies":[{"name":"wp","href":"https:\/\/api.w.org\/{rel}","templated":true}]}}