{"id":12195,"date":"2021-06-19T14:21:55","date_gmt":"2021-06-19T17:21:55","guid":{"rendered":"http:\/\/mistersates-import.com.br\/loja\/?post_type=product&#038;p=12195"},"modified":"2026-01-20T11:29:33","modified_gmt":"2026-01-20T14:29:33","slug":"adaptador-micro-usb-para-iphone-conversor-light-v8-para-8-pin","status":"publish","type":"product","link":"https:\/\/mistersates-import.com.br\/loja\/product\/adaptador-micro-usb-para-iphone-conversor-light-v8-para-8-pin\/","title":{"rendered":"Adaptador Micro Usb Para iPhone Conversor Light V8 Para 8 pin"},"content":{"rendered":"<p>SER\u00c1 ENVIADO NA COR DISPONIVEL NO NOSSO ESTOQUE NO MOMENTO DA COMPRA (PRETO, BRANCO OU PRATA)<\/p>\n<p>SER\u00c1 ENVIADO NA COR DISPONIVEL NO NOSSO ESTOQUE NO MOMENTO DA COMPRA (PRETO, BRANCO OU PRATA)<\/p>\n<p>SER\u00c1 ENVIADO NA COR DISPONIVEL NO NOSSO ESTOQUE NO MOMENTO DA COMPRA (PRETO, BRANCO OU PRATA)<\/p>\n<p>SER\u00c1 ENVIADO NA COR DISPONIVEL NO NOSSO ESTOQUE NO MOMENTO DA COMPRA (PRETO, BRANCO OU PRATA)<\/p>\n<p>SER\u00c1 ENVIADO NA COR DISPONIVEL NO NOSSO ESTOQUE NO MOMENTO DA COMPRA (PRETO, BRANCO OU PRATA)<\/p>\n<p>Descri\u00e7\u00e3o<\/p>\n<p>Usar:Celular;<br \/>\nTipo de USB:cabo micro usb;<br \/>\nNome do Produto:mini cabo micro usb para adaptador de 8 pinos;<br \/>\nFun\u00e7\u00e3o:Carga r\u00e1pida;<br \/>\nConector:Cabo micro usb para 8 pinos<br \/>\nMaterial:Metal + PVC;<br \/>\nCor:branco;<br \/>\nTipo de USB:Micro USB;<br \/>\nComprimento:3cm;<br \/>\nAplica\u00e7\u00e3o:cabo micro usb para 8 pinos;<br \/>\nTipo:conector do adaptador.<\/p>\n<p>PACOTE:<\/p>\n<p>1 &#8211; ADAPTADOR MICRO USB (V8) PARA IPHONE 8 PINOS.<\/p>\n","protected":false},"excerpt":{"rendered":"<p>SER\u00c1 ENVIADO NA COR DISPONIVEL NO NOSSO ESTOQUE NO MOMENTO DA COMPRA (PRETO, BRANCO OU PRATA)<\/p>\n<p>SER\u00c1 ENVIADO NA COR DISPONIVEL NO NOSSO ESTOQUE NO MOMENTO DA COMPRA (PRETO, BRANCO OU PRATA)<\/p>\n<p>SER\u00c1 ENVIADO NA COR DISPONIVEL NO NOSSO ESTOQUE NO MOMENTO DA COMPRA (PRETO, BRANCO OU PRATA)<\/p>\n<p>SER\u00c1 ENVIADO NA COR DISPONIVEL NO NOSSO ESTOQUE NO MOMENTO DA COMPRA (PRETO, BRANCO OU PRATA)<\/p>\n<p>SER\u00c1 ENVIADO NA COR DISPONIVEL NO NOSSO ESTOQUE NO MOMENTO DA COMPRA (PRETO, BRANCO OU PRATA)<\/p>\n<p>Descri\u00e7\u00e3o<\/p>\n<p>Usar:Celular;<br \/>\nTipo de USB:cabo micro usb;<br \/>\nNome do Produto:mini cabo micro usb para adaptador de 8 pinos;<br \/>\nFun\u00e7\u00e3o:Carga r\u00e1pida;<br \/>\nConector:Cabo micro usb para 8 pinos<br \/>\nMaterial:Metal + PVC;<br \/>\nCor:branco;<br \/>\nTipo de USB:Micro USB;<br \/>\nComprimento:3cm;<br \/>\nAplica\u00e7\u00e3o:cabo micro usb para 8 pinos;<br \/>\nTipo:conector do adaptador.<\/p>\n<p>PACOTE:<\/p>\n<p>1 &#8211; ADAPTADOR MICRO USB (V8) PARA IPHONE 8 PINOS.<\/p>\n","protected":false},"featured_media":15689,"template":"","meta":{"_joinchat":[]},"_links":{"self":[{"href":"https:\/\/mistersates-import.com.br\/loja\/wp-json\/wp\/v2\/product\/12195"}],"collection":[{"href":"https:\/\/mistersates-import.com.br\/loja\/wp-json\/wp\/v2\/product"}],"about":[{"href":"https:\/\/mistersates-import.com.br\/loja\/wp-json\/wp\/v2\/types\/product"}],"wp:featuredmedia":[{"embeddable":true,"href":"https:\/\/mistersates-import.com.br\/loja\/wp-json\/wp\/v2\/media\/15689"}],"wp:attachment":[{"href":"https:\/\/mistersates-import.com.br\/loja\/wp-json\/wp\/v2\/media?parent=12195"}],"curies":[{"name":"wp","href":"https:\/\/api.w.org\/{rel}","templated":true}]}}