{"id":12201,"date":"2021-06-19T14:41:31","date_gmt":"2021-06-19T17:41:31","guid":{"rendered":"http:\/\/mistersates-import.com.br\/loja\/?post_type=product&#038;p=12201"},"modified":"2026-04-03T21:25:25","modified_gmt":"2026-04-04T00:25:25","slug":"adaptador-suporte-camera-x-acessorios-gopro-hero-rosca-1-4","status":"publish","type":"product","link":"https:\/\/mistersates-import.com.br\/loja\/product\/adaptador-suporte-camera-x-acessorios-gopro-hero-rosca-1-4\/","title":{"rendered":"Adaptador Suporte Camera X Acessorios Gopro Hero Rosca 1\/4"},"content":{"rendered":"<p>Adaptador de parafuso 1\/4 para suporte de Gopro<\/p>\n<p>Para quem n\u00e3o consegue registrar momentos de suas viagens ou de suas aventuras por n\u00e3o ter como utilizar acess\u00f3rios GoPro para apoiar ou dar suporte \u00e0 sua c\u00e2mera, esse Adaptador pode transformar a base de encaixe padr\u00e3o da sua c\u00e2mera Xiaomi, Sony Active Cam ou qualquer outra DSLR na base padr\u00e3o universal GoPro Hero, permitindo assim, que voc\u00ea utilize na grande maioria dos acess\u00f3rios e suportes atualmente dispon\u00edveis para c\u00e2meras GoPro. Entre eles: adaptadores bucais, trip\u00e9s, bast\u00f5es de selfie, suportes de m\u00e3o, peito, cabe\u00e7a, entre outros.<\/p>\n<p>Utilizado na maioria das vezes em surf, esqui, skate, bike, e motocicleta.<\/p>\n<p>Vantagens do Adaptador transforma Xiaomi e Sony Active Cam em GoPro Hero:<br \/>\n&#8211; Leve e compacto,<br \/>\n&#8211; De f\u00e1cil instala\u00e7\u00e3o,<br \/>\n&#8211; Pode ser utilizado em diversas c\u00e2meras,<br \/>\n&#8211; Dur\u00e1vel.<\/p>\n<p>Ficha t\u00e9cnica do Adaptador transforma Xiaomi e Sony Active Cam em GoPro Hero:<br \/>\nMaterial: Parafuso com liga de alum\u00ednio e pl\u00e1stico ABS.<br \/>\nCor: Preto.<br \/>\nMarca: Shoot.<br \/>\nCompatibilidade: Todas as c\u00e2meras GoPro, e\/ou c\u00e2meras de a\u00e7\u00e3o e DSLR com base padr\u00e3o de parafuso.<\/p>\n<p>Itens Inclusos:<br \/>\n1x Adaptador transforma Xiaomi e Sony Active Cam em GoPro<\/p>\n<p>Obs. Imagens meramente ilustrativas.<\/p>\n","protected":false},"excerpt":{"rendered":"<p><strong>Adaptador de parafuso 1\/4 para suporte de gopro<\/strong><\/p>\n","protected":false},"featured_media":15717,"template":"","meta":{"_joinchat":[]},"_links":{"self":[{"href":"https:\/\/mistersates-import.com.br\/loja\/wp-json\/wp\/v2\/product\/12201"}],"collection":[{"href":"https:\/\/mistersates-import.com.br\/loja\/wp-json\/wp\/v2\/product"}],"about":[{"href":"https:\/\/mistersates-import.com.br\/loja\/wp-json\/wp\/v2\/types\/product"}],"wp:featuredmedia":[{"embeddable":true,"href":"https:\/\/mistersates-import.com.br\/loja\/wp-json\/wp\/v2\/media\/15717"}],"wp:attachment":[{"href":"https:\/\/mistersates-import.com.br\/loja\/wp-json\/wp\/v2\/media?parent=12201"}],"curies":[{"name":"wp","href":"https:\/\/api.w.org\/{rel}","templated":true}]}}