{"id":12207,"date":"2021-06-19T14:55:10","date_gmt":"2021-06-19T17:55:10","guid":{"rendered":"http:\/\/mistersates-import.com.br\/loja\/?post_type=product&#038;p=12207"},"modified":"2024-12-18T11:57:29","modified_gmt":"2024-12-18T14:57:29","slug":"adaptador-suporte-lateral-parafuso-regulador-ajustavel-gopro","status":"publish","type":"product","link":"https:\/\/mistersates-import.com.br\/loja\/product\/adaptador-suporte-lateral-parafuso-regulador-ajustavel-gopro\/","title":{"rendered":"Adaptador Suporte Lateral Parafuso Regulador Ajust\u00e1vel Gopro"},"content":{"rendered":"<p><strong>Introdu\u00e7\u00e3o:<\/strong><\/p>\n<p>Suporte Lateral Para Capacete De Montagem Ajust\u00e1vel Regulador Articulado Base Mount Para os Modelos das C\u00e2meras de A\u00e7\u00e3o GoPro Hero Compat\u00edvel com a maioria de c\u00e2mera de a\u00e7\u00e3o, como IR PRO hero 6\/5\/4\/3 +\/3, Sess\u00e3o de Gopro, 5 hero\/hero 4 Sess\u00e3o, Xiaoyi, SJCAM, etc;<\/p>\n<p>Feito de abs., Metal, Alum\u00ednio e Pl\u00e1stico;<\/p>\n<p>O design simples e leve, torna mais f\u00e1cil de transportar;<\/p>\n<p>Especifica\u00e7\u00f5es:<br \/>\n1) 100% novo e de bom acabamento trip\u00e9 profissional adaptador de montagem para GoPro<br \/>\n2) trip\u00e9 \u00e9 usado para fixar a sua c\u00e2mara GoPro a um trip\u00e9 padr\u00e3o<br \/>\n3) Feito de pl\u00e1stico de alto grau + materiais de a\u00e7o inoxid\u00e1vel, resistente e dur\u00e1vel<br \/>\n4) Ele pode ajud\u00e1-lo a tirar uma bela foto e v\u00eddeo<br \/>\n5) Anexa a sua libera\u00e7\u00e3o r\u00e1pida de c\u00e2mera GoPro a qualquer trip\u00e9 padr\u00e3o r\u00e1pida e sem problemas<br \/>\n6) fita adesiva forte, instalar facilmente a qualquer superf\u00edcie curva suave, tais como capacete.<\/p>\n","protected":false},"excerpt":{"rendered":"<p><strong>Montagem para c\u00e2mera de a\u00e7\u00e3o Como GoPro Her\u00f3i 6\/5\/3\/3 +\/4 C\u00e2mera<\/strong><\/p>\n","protected":false},"featured_media":15723,"template":"","meta":{"_joinchat":[]},"_links":{"self":[{"href":"https:\/\/mistersates-import.com.br\/loja\/wp-json\/wp\/v2\/product\/12207"}],"collection":[{"href":"https:\/\/mistersates-import.com.br\/loja\/wp-json\/wp\/v2\/product"}],"about":[{"href":"https:\/\/mistersates-import.com.br\/loja\/wp-json\/wp\/v2\/types\/product"}],"wp:featuredmedia":[{"embeddable":true,"href":"https:\/\/mistersates-import.com.br\/loja\/wp-json\/wp\/v2\/media\/15723"}],"wp:attachment":[{"href":"https:\/\/mistersates-import.com.br\/loja\/wp-json\/wp\/v2\/media?parent=12207"}],"curies":[{"name":"wp","href":"https:\/\/api.w.org\/{rel}","templated":true}]}}