{"id":12214,"date":"2021-06-19T15:05:15","date_gmt":"2021-06-19T18:05:15","guid":{"rendered":"http:\/\/mistersates-import.com.br\/loja\/?post_type=product&#038;p=12214"},"modified":"2025-06-25T19:23:22","modified_gmt":"2025-06-25T22:23:22","slug":"adaptador-wireless-usb-wifi-sem-fio-lan-bgn-antena-gr","status":"publish","type":"product","link":"https:\/\/mistersates-import.com.br\/loja\/product\/adaptador-wireless-usb-wifi-sem-fio-lan-bgn-antena-gr\/","title":{"rendered":"Antena Wi-fi Adaptador Wireless Usb 1200 Mbps 2.0 802.11 In"},"content":{"rendered":"<p>Descri\u00e7\u00e3o<\/p>\n<p>O adaptador wireless \u00e9 uma solu\u00e7\u00e3o simples para conectar seu computador \u00e0 internet, seja ele um notebook ou um desktop!<\/p>\n<p>Basta plugar na porta USB de seu computador e pronto! Sem a necessidade de abrir o PC desktop ou chamar um t\u00e9cnico para instalar sua rede &#8211; fa\u00e7a voc\u00ea mesmo!<\/p>\n<p>Instala\u00e7\u00e3o super simples! Basta colocar o CD e executar o instalador!<\/p>\n<p>&#8211; Compat\u00edvel com IEEE 802.11n (Draft 2.0), IEEE 802.11g, IEEE 802.11b<\/p>\n<p>&#8211; Frequ\u00eancia: 2.4GHz ISM Band (Industrial Scientific Medical)<\/p>\n<p>&#8211; Velocidade de at\u00e9 1600 mbps<\/p>\n<p>&#8211; Canal 1-14 canais (sele\u00e7\u00e3o de dom\u00ednio universal)<\/p>\n<p>&#8211; Seguran\u00e7a de Dador criptografia WEP 16\/128bit<\/p>\n<p>&#8211; Suporta 64\/128bit WEP, bem como criptografia WPA\/WPA2 e WPA-PSK\/WPA1-PSK<\/p>\n<p>&#8211; Suporta Windows 2000, XP, Vista, Win7, W 10 , MAC, Linux sistema operacional<\/p>\n<p>&#8211; Interface do host: alta velocidade USB2.011<\/p>\n<p>&#8211; Antena de ganho de 6dBi<\/p>\n<p>ITENS INCLUSOS<\/p>\n<p>01 &#8211; Adaptador Wifi 1600mbps<\/p>\n<p>01 &#8211; CD de instala\u00e7\u00e3o.<\/p>\n","protected":false},"excerpt":{"rendered":"<p><strong>Adaptador Wireless USB Wifi Sem Fio Lan Bgn Antena <\/strong><\/p>\n","protected":false},"featured_media":16415,"template":"","meta":{"_joinchat":[]},"_links":{"self":[{"href":"https:\/\/mistersates-import.com.br\/loja\/wp-json\/wp\/v2\/product\/12214"}],"collection":[{"href":"https:\/\/mistersates-import.com.br\/loja\/wp-json\/wp\/v2\/product"}],"about":[{"href":"https:\/\/mistersates-import.com.br\/loja\/wp-json\/wp\/v2\/types\/product"}],"wp:featuredmedia":[{"embeddable":true,"href":"https:\/\/mistersates-import.com.br\/loja\/wp-json\/wp\/v2\/media\/16415"}],"wp:attachment":[{"href":"https:\/\/mistersates-import.com.br\/loja\/wp-json\/wp\/v2\/media?parent=12214"}],"curies":[{"name":"wp","href":"https:\/\/api.w.org\/{rel}","templated":true}]}}