{"id":12220,"date":"2021-06-19T15:18:34","date_gmt":"2021-06-19T18:18:34","guid":{"rendered":"http:\/\/mistersates-import.com.br\/loja\/?post_type=product&#038;p=12220"},"modified":"2025-03-06T12:53:23","modified_gmt":"2025-03-06T15:53:23","slug":"angulador-profissional-para-afiar-facas-guia","status":"publish","type":"product","link":"https:\/\/mistersates-import.com.br\/loja\/product\/angulador-profissional-para-afiar-facas-guia\/","title":{"rendered":"Angulador Profissional Para Afiar Facas Guia"},"content":{"rendered":"<p>Caracter\u00edsticas:<\/p>\n<p>Nova marca e de alta qualidade.<br \/>\nMaterial: Pl\u00e1stico + Cer\u00e2mica.<br \/>\nApresenta uma faixa de prote\u00e7\u00e3o de cer\u00e2mica para uso dur\u00e1vel.<br \/>\nIdeal para uso com pedras de afiar para r\u00e1pida de afia\u00e7\u00e3o de precis\u00e3o.<br \/>\nTamanho: Como as Imagens<br \/>\nCor: Preto<\/p>\n<p>Para que o fio da l\u00e2mina seja bem afiado \u00e9 necess\u00e1rio afiar em \u00e2ngulo de desbaste igual de ambos os lados, isso s\u00f3 \u00e9 poss\u00edvel com a ferramenta necess\u00e1ria, por isso o angulador \u00e9 t\u00e3o pr\u00e1tico.<br \/>\nTenha facas afiadas como com fio de navalha!<br \/>\nPr\u00e1tico e f\u00e1cil de usar!<br \/>\nExcelente para facas e canivetes.<br \/>\nTenha faca Chef afiad\u00edssima<br \/>\n15 graus precisos<br \/>\nBase seccionada em cer\u00e2mica para maior dura\u00e7\u00e3o e deslize.<br \/>\nIdeal para uso com pedras de afiar para r\u00e1pida de afia\u00e7\u00e3o de precis\u00e3o.<\/p>\n<p>Pacote Inclui:<\/p>\n<p>1 X Guia de \u00c2ngulo Afiador de facas 15 mm x 200 mm<\/p>\n","protected":false},"excerpt":{"rendered":"<p><strong>Angulador Profissional Para Afiar Facas Guia<\/strong><\/p>\n","protected":false},"featured_media":15813,"template":"","meta":{"_joinchat":[]},"_links":{"self":[{"href":"https:\/\/mistersates-import.com.br\/loja\/wp-json\/wp\/v2\/product\/12220"}],"collection":[{"href":"https:\/\/mistersates-import.com.br\/loja\/wp-json\/wp\/v2\/product"}],"about":[{"href":"https:\/\/mistersates-import.com.br\/loja\/wp-json\/wp\/v2\/types\/product"}],"wp:featuredmedia":[{"embeddable":true,"href":"https:\/\/mistersates-import.com.br\/loja\/wp-json\/wp\/v2\/media\/15813"}],"wp:attachment":[{"href":"https:\/\/mistersates-import.com.br\/loja\/wp-json\/wp\/v2\/media?parent=12220"}],"curies":[{"name":"wp","href":"https:\/\/api.w.org\/{rel}","templated":true}]}}