{"id":12237,"date":"2021-06-19T19:57:17","date_gmt":"2021-06-19T22:57:17","guid":{"rendered":"http:\/\/mistersates-import.com.br\/loja\/?post_type=product&#038;p=12237"},"modified":"2026-03-26T10:35:07","modified_gmt":"2026-03-26T13:35:07","slug":"alicate-decapador-cortador-cabos-de-rede-rj45-coaxial-empate","status":"publish","type":"product","link":"https:\/\/mistersates-import.com.br\/loja\/product\/alicate-decapador-cortador-cabos-de-rede-rj45-coaxial-empate\/","title":{"rendered":"Alicate Decapador Cortador Cabos De Rede Rj45 Coaxial Empate"},"content":{"rendered":"<p>Alicate Descascador De Fios E Cortador de Faca Amarelo Port\u00e1til Simples Utilit\u00e1rio Tesoura Cortador de Fio da Rede de Cabo Stripping Ferramentas Manuais<\/p>\n<p>Feito de pl\u00e1stico de alta qualidade, ferramenta perfeita \u00e9 f\u00e1cil e seguro de usar para cravar os fios em conectores modulares. A ponta da unidade \u00e9 usada para perfurar fio para baixo em um bloco de soco para baixo 110. Funciona muito bem para CAT-5, CAT-5e e CAT-6 cabo de dados.<\/p>\n<p>Caracter\u00edsticas funcionais:<\/p>\n<p>1. m\u00faltiplas threads pode ser despojado<br \/>\n2. al\u00e9m disso a descascar, ele tamb\u00e9m pode ser usado para enfiar com grandes fun\u00e7\u00f5es<br \/>\n3. l\u00e2mina afiada e f\u00e1cil de descascar<br \/>\n4. o preso folha de metal \u00e9 muito forte sem qualquer sag<br \/>\n5. tamanho pequeno e conveniente para transportar<\/p>\n","protected":false},"excerpt":{"rendered":"<p><strong>Alicate Descascador De Fios E Cortador<\/strong><\/p>\n","protected":false},"featured_media":15794,"template":"","meta":{"_joinchat":[]},"_links":{"self":[{"href":"https:\/\/mistersates-import.com.br\/loja\/wp-json\/wp\/v2\/product\/12237"}],"collection":[{"href":"https:\/\/mistersates-import.com.br\/loja\/wp-json\/wp\/v2\/product"}],"about":[{"href":"https:\/\/mistersates-import.com.br\/loja\/wp-json\/wp\/v2\/types\/product"}],"wp:featuredmedia":[{"embeddable":true,"href":"https:\/\/mistersates-import.com.br\/loja\/wp-json\/wp\/v2\/media\/15794"}],"wp:attachment":[{"href":"https:\/\/mistersates-import.com.br\/loja\/wp-json\/wp\/v2\/media?parent=12237"}],"curies":[{"name":"wp","href":"https:\/\/api.w.org\/{rel}","templated":true}]}}