{"id":12244,"date":"2021-06-19T20:40:21","date_gmt":"2021-06-19T23:40:21","guid":{"rendered":"http:\/\/mistersates-import.com.br\/loja\/?post_type=product&#038;p=12244"},"modified":"2024-03-15T18:24:50","modified_gmt":"2024-03-15T21:24:50","slug":"bastao-de-mao-retratil-monopod-adptador-celular-controle-2","status":"publish","type":"product","link":"https:\/\/mistersates-import.com.br\/loja\/product\/bastao-de-mao-retratil-monopod-adptador-celular-controle-2\/","title":{"rendered":"Bast\u00e3o De M\u00e3o Retr\u00e1til Monopod+ Adptador Celular+ Controle"},"content":{"rendered":"<p>Pau De Selfie Retr\u00e1til Monopod + Adaptador de cel + Controle Bluetooth sem bateria<\/p>\n<p>&#8211; Sistema de compatibilidade: Android e IOS (Necessita configura\u00e7\u00e3o)<br \/>\n&#8211; Compat\u00edvel com seguintes aparelhos: Galaxy S4 \/ S4 Mini \/ Galaxy S5 \/ S5 Mini \/ iPhone 4s \/ iPhone 5 \/ iPhone 5s e outros<br \/>\nsmartphones verifique a compatibilidade<br \/>\n&#8211; Bot\u00e3o disparador<br \/>\n&#8211; Basta conectar o cabo na entrado do fone do seu aparelho<br \/>\n&#8211; Peso m\u00e1ximo suportado: 0.5 Kg<br \/>\n&#8211; Dimens\u00f5es: 26.05 cm ( fechado) 88 cm (Esticado) aprox.<br \/>\n&#8211; Suporte para celular 05.05 cm (Fechado) 07.05 cm (Esticado)<br \/>\n&#8211; Peso: 117 g<\/p>\n<p>ITENS INCLUSOS<br \/>\n1 x Monopod<br \/>\n1 x Suporte para celular<br \/>\n1 x Controle bluetooth Sem Bateria.<\/p>\n","protected":false},"excerpt":{"rendered":"<p>Pau De Selfie Retr\u00e1til Monopod + Adaptador de cel + Controle Bluetooth sem bateria<\/p>\n<p>&#8211; Sistema de compatibilidade: Android e IOS (Necessita configura\u00e7\u00e3o)<br \/>\n&#8211; Compat\u00edvel com seguintes aparelhos: Galaxy S4 \/ S4 Mini \/ Galaxy S5 \/ S5 Mini \/ iPhone 4s \/ iPhone 5 \/ iPhone 5s e outros<\/p>\n","protected":false},"featured_media":15833,"template":"","meta":{"_joinchat":[]},"_links":{"self":[{"href":"https:\/\/mistersates-import.com.br\/loja\/wp-json\/wp\/v2\/product\/12244"}],"collection":[{"href":"https:\/\/mistersates-import.com.br\/loja\/wp-json\/wp\/v2\/product"}],"about":[{"href":"https:\/\/mistersates-import.com.br\/loja\/wp-json\/wp\/v2\/types\/product"}],"wp:featuredmedia":[{"embeddable":true,"href":"https:\/\/mistersates-import.com.br\/loja\/wp-json\/wp\/v2\/media\/15833"}],"wp:attachment":[{"href":"https:\/\/mistersates-import.com.br\/loja\/wp-json\/wp\/v2\/media?parent=12244"}],"curies":[{"name":"wp","href":"https:\/\/api.w.org\/{rel}","templated":true}]}}