{"id":12268,"date":"2021-06-19T20:53:53","date_gmt":"2021-06-19T23:53:53","guid":{"rendered":"http:\/\/mistersates-import.com.br\/loja\/?post_type=product&#038;p=12268"},"modified":"2024-11-13T07:35:30","modified_gmt":"2024-11-13T10:35:30","slug":"boia-flutuador-camera-hero-1-2-3-4-5","status":"publish","type":"product","link":"https:\/\/mistersates-import.com.br\/loja\/product\/boia-flutuador-camera-hero-1-2-3-4-5\/","title":{"rendered":"Boia Flutuador Camera Gopro Hero 1 2 3 4 5"},"content":{"rendered":"<p>Esta boia flutuante para c\u00e2meras GoPro \u00e9 o acess\u00f3rio ideal para realizar atividades aqu\u00e1ticas como surf, mergulho, wakeboard, entre outros, pois ela mant\u00e9m a sua c\u00e2mera flutuando caso caia na \u00e1gua. Sua cor laranja vibrante permite a f\u00e1cil localiza\u00e7\u00e3o da sua GoPro em qualquer lugar. A boia deve ser fixada diretamente na porta traseira da caixa estanque (n\u00e3o incluso) do seu equipamento, com o aux\u00edlio do adesivo 3M que acompanha.<\/p>\n<p>Compatibilidade:<\/p>\n<p>Este produto \u00e9 compat\u00edvel com diversos modelos de c\u00e2meras, tais como GoPro Hero 7 Black, Hero 7 White, Hero 7 Silver, Hero 6 Black, Hero 5 Black, Hero 4 (Black e Silver), Hero 3+, Hero 3 e demais modelos de GoPro. Tamb\u00e9m compat\u00edvel com c\u00e2meras de a\u00e7\u00e3o de outras marcas, tais como SJCam, Shoot, Atrio, Eken.<\/p>\n<p>Itens Inclusos:<br \/>\n1 x Boia de flutua\u00e7\u00e3o<br \/>\n1 x Adesivo<\/p>\n","protected":false},"excerpt":{"rendered":"<p>Esta boia flutuante para c\u00e2meras GoPro \u00e9 o acess\u00f3rio ideal para realizar atividades aqu\u00e1ticas como surf, mergulho, wakeboard, entre outros, pois ela mant\u00e9m a sua c\u00e2mera flutuando caso caia na \u00e1gua. Sua cor laranja vibrante permite a f\u00e1cil localiza\u00e7\u00e3o da sua GoPro em qualquer lugar. A boia deve ser fixada diretamente na porta traseira da caixa estanque (n\u00e3o incluso) do seu equipamento, com o aux\u00edlio do adesivo 3M que acompanha.<\/p>\n","protected":false},"featured_media":15862,"template":"","meta":{"_joinchat":[]},"_links":{"self":[{"href":"https:\/\/mistersates-import.com.br\/loja\/wp-json\/wp\/v2\/product\/12268"}],"collection":[{"href":"https:\/\/mistersates-import.com.br\/loja\/wp-json\/wp\/v2\/product"}],"about":[{"href":"https:\/\/mistersates-import.com.br\/loja\/wp-json\/wp\/v2\/types\/product"}],"wp:featuredmedia":[{"embeddable":true,"href":"https:\/\/mistersates-import.com.br\/loja\/wp-json\/wp\/v2\/media\/15862"}],"wp:attachment":[{"href":"https:\/\/mistersates-import.com.br\/loja\/wp-json\/wp\/v2\/media?parent=12268"}],"curies":[{"name":"wp","href":"https:\/\/api.w.org\/{rel}","templated":true}]}}