{"id":12274,"date":"2021-06-19T21:06:03","date_gmt":"2021-06-20T00:06:03","guid":{"rendered":"http:\/\/mistersates-import.com.br\/loja\/?post_type=product&#038;p=12274"},"modified":"2025-10-07T11:45:35","modified_gmt":"2025-10-07T14:45:35","slug":"bateria-gopro-recarregavel-1680mha-hero-4-com-case","status":"publish","type":"product","link":"https:\/\/mistersates-import.com.br\/loja\/product\/bateria-gopro-recarregavel-1680mha-hero-4-com-case\/","title":{"rendered":"Bateria Gopro Recarreg\u00e1vel 1160mha HERO 4"},"content":{"rendered":"<p>Descri\u00e7\u00e3o<\/p>\n<p>Bateria Para Camera Gopro Go Pro HD HERO 4-401 Lithium AHDBT<\/p>\n<p>Utilize essa bateria de \u00edon-l\u00edtio recarreg\u00e1vel de 1160 mAh como sobressalente ou de substitui\u00e7\u00e3o para a sua c\u00e2mera Hero 4 Black e Hero 4 Silver.<\/p>\n<p>Especifica\u00e7\u00f5es do produto<br \/>\nBateria de Li-ion;<br \/>\n3.8V;<br \/>\n1160mAh;<br \/>\nAHDBT- 401;<br \/>\nCompat\u00edvel com C\u00e2meras GoPro Hero4<\/p>\n<p>Item Incluso:<\/p>\n<p>01 x Bateria para C\u00e2mera GoPro Hero 4<\/p>\n<p>Modelos compat\u00edveis:<\/p>\n<p>GoPro AHDBT-401<br \/>\nGoPro HERO4 Preto<br \/>\nGoPro HERO4 Prata<\/p>\n<p>Mat\u00e9ria:<\/p>\n<p>1. premium c\u00e9lulas de \u00edon de l\u00edtio novo bloco de bateria recarreg\u00e1vel<br \/>\n2. alta densidade de energia, extra longa vida, mem\u00f3ria livre<br \/>\n3. pot\u00eancia extra, mais tiros para suas c\u00e2meras<\/p>\n<p>OBS : Essa bateria n\u00e3o serve pra C\u00e2mera GoPro Hero 4 Session.<br \/>\nN\u00e3o incluso c\u00e2mera.<br \/>\nEssa bateria n\u00e3o \u00e9 fabricada pela GoPro e sim por outro fabricante e possui a mesma compatibilidade com as c\u00e2meras.<\/p>\n<p>APENAS 01 BATERIA<\/p>\n","protected":false},"excerpt":{"rendered":"<p>Bateria Para C\u00e2mera Gopro Go Pro HD HERO 4-401 Lithium AHDBT<\/p>\n<p>Utilize essa bateria de \u00edon-l\u00edtio recarreg\u00e1vel como sobressalente ou de substitui\u00e7\u00e3o para a sua c\u00e2mera Hero 4 Black e Hero 4 Silver.<\/p>\n","protected":false},"featured_media":17451,"template":"","meta":{"_joinchat":[]},"_links":{"self":[{"href":"https:\/\/mistersates-import.com.br\/loja\/wp-json\/wp\/v2\/product\/12274"}],"collection":[{"href":"https:\/\/mistersates-import.com.br\/loja\/wp-json\/wp\/v2\/product"}],"about":[{"href":"https:\/\/mistersates-import.com.br\/loja\/wp-json\/wp\/v2\/types\/product"}],"wp:featuredmedia":[{"embeddable":true,"href":"https:\/\/mistersates-import.com.br\/loja\/wp-json\/wp\/v2\/media\/17451"}],"wp:attachment":[{"href":"https:\/\/mistersates-import.com.br\/loja\/wp-json\/wp\/v2\/media?parent=12274"}],"curies":[{"name":"wp","href":"https:\/\/api.w.org\/{rel}","templated":true}]}}