{"id":12288,"date":"2021-06-19T22:18:04","date_gmt":"2021-06-20T01:18:04","guid":{"rendered":"http:\/\/mistersates-import.com.br\/loja\/?post_type=product&#038;p=12288"},"modified":"2024-03-15T18:24:54","modified_gmt":"2024-03-15T21:24:54","slug":"borracha-anti-vibracao-gopro-hero-233-e-4-plug-go-pro","status":"publish","type":"product","link":"https:\/\/mistersates-import.com.br\/loja\/product\/borracha-anti-vibracao-gopro-hero-233-e-4-plug-go-pro\/","title":{"rendered":"Borracha Anti Vibra\u00e7\u00e3o Gopro Hero 2,3,3+ E 4 Plug Go Pro"},"content":{"rendered":"<p>O plug aumenta ainda a seguran\u00e7a de seu equipamento sendo uma trava a mais entre a c\u00e2mera e o suporte.<\/p>\n<p>Diminui os ru\u00eddos em suas grava\u00e7\u00f5es ou risco de sua Gopro se soltar do suporte com a trava de silicone.<\/p>\n<p>Compatibilidade:<br \/>\nHero 1, 2, 3, 3+, 4 e 5<\/p>\n<p>Itens Inclusos:<\/p>\n<p>1X Trava Locking Plug de Silicone<\/p>\n","protected":false},"excerpt":{"rendered":"<p>Locking Plug de Silicone GoPro Hero 1, 2, 3, 3+, 4 e 5<\/p>\n<p>Diminui os ru\u00eddos em suas grava\u00e7\u00f5es ou risco de sua Gopro se soltar do suporte com a trava de silicone.<\/p>\n","protected":false},"featured_media":15867,"template":"","meta":{"_joinchat":[]},"_links":{"self":[{"href":"https:\/\/mistersates-import.com.br\/loja\/wp-json\/wp\/v2\/product\/12288"}],"collection":[{"href":"https:\/\/mistersates-import.com.br\/loja\/wp-json\/wp\/v2\/product"}],"about":[{"href":"https:\/\/mistersates-import.com.br\/loja\/wp-json\/wp\/v2\/types\/product"}],"wp:featuredmedia":[{"embeddable":true,"href":"https:\/\/mistersates-import.com.br\/loja\/wp-json\/wp\/v2\/media\/15867"}],"wp:attachment":[{"href":"https:\/\/mistersates-import.com.br\/loja\/wp-json\/wp\/v2\/media?parent=12288"}],"curies":[{"name":"wp","href":"https:\/\/api.w.org\/{rel}","templated":true}]}}