{"id":12311,"date":"2021-06-20T00:41:42","date_gmt":"2021-06-20T03:41:42","guid":{"rendered":"http:\/\/mistersates-import.com.br\/loja\/?post_type=product&#038;p=12311"},"modified":"2026-03-03T12:07:17","modified_gmt":"2026-03-03T15:07:17","slug":"botao-gatilho-control-r1-ps4","status":"publish","type":"product","link":"https:\/\/mistersates-import.com.br\/loja\/product\/botao-gatilho-control-r1-ps4\/","title":{"rendered":"Botao Gatilho Controle R1 PS4"},"content":{"rendered":"<p>Caracter\u00edsticas:<\/p>\n<p>R1 Bot\u00e3o Disparador para PS4<br \/>\nCor: Preto<br \/>\nComo mostram as fotos<br \/>\nCompat\u00edvel com: controlador PS4<\/p>\n<p>USO:<br \/>\nMuito f\u00e1cil de instalar<\/p>\n<p>Segure R1 e prende-o. Voc\u00ea s\u00f3 precisa operar o programa em 1 etapa para instal\u00e1-lo facilmente. Aumente a resposta do bot\u00e3o para os jogos.<\/p>\n<p>Perfeito para pessoas com m\u00e3os grandes; descansa os dedos; ajuda com o aperto do gatilho e ergonomia.<\/p>\n<p>Nenhuma habilidade \u00e9 necess\u00e1ria, voc\u00ea s\u00f3 tem que instalar no R1.<\/p>\n<p>Nota: instale-o corretamente, caso contr\u00e1rio, ele pode cair.<\/p>\n<p>Material: pl\u00e1stico<\/p>\n","protected":false},"excerpt":{"rendered":"<p>Brand New &amp; Alta Qualidade<br \/>\nR1 Bot\u00e3o Disparador para PS4<br \/>\nprofissional superf\u00edcie texturizada<br \/>\ncor: Preto, Como mostram as fotos<br \/>\ncompat\u00edvel com: controlador PS4<\/p>\n","protected":false},"featured_media":12312,"template":"","meta":{"_joinchat":[]},"_links":{"self":[{"href":"https:\/\/mistersates-import.com.br\/loja\/wp-json\/wp\/v2\/product\/12311"}],"collection":[{"href":"https:\/\/mistersates-import.com.br\/loja\/wp-json\/wp\/v2\/product"}],"about":[{"href":"https:\/\/mistersates-import.com.br\/loja\/wp-json\/wp\/v2\/types\/product"}],"wp:featuredmedia":[{"embeddable":true,"href":"https:\/\/mistersates-import.com.br\/loja\/wp-json\/wp\/v2\/media\/12312"}],"wp:attachment":[{"href":"https:\/\/mistersates-import.com.br\/loja\/wp-json\/wp\/v2\/media?parent=12311"}],"curies":[{"name":"wp","href":"https:\/\/api.w.org\/{rel}","templated":true}]}}