{"id":12319,"date":"2021-06-20T01:23:22","date_gmt":"2021-06-20T04:23:22","guid":{"rendered":"http:\/\/mistersates-import.com.br\/loja\/?post_type=product&#038;p=12319"},"modified":"2026-02-01T09:40:14","modified_gmt":"2026-02-01T12:40:14","slug":"cabo-hdmi-vga-adaptador-conversor-hdmi-para-vga-preto","status":"publish","type":"product","link":"https:\/\/mistersates-import.com.br\/loja\/product\/cabo-hdmi-vga-adaptador-conversor-hdmi-para-vga-preto\/","title":{"rendered":"Cabo Hdmi Vga Adaptador Conversor Hdmi Para Vga Preto"},"content":{"rendered":"<p>Com o adaptador HDMI para VGA voc\u00ea conecta o seu dispositivo com sa\u00edda HDMI em monitores com sa\u00edda VGA. Voc\u00ea pode us\u00e1-lo a em qualquer aparelho com padr\u00e3o VGA de v\u00eddeo.<\/p>\n<p>Caracter\u00edsticas<\/p>\n<p>Modelo: JC1080<\/p>\n<p>Cor: Preto.<br \/>\nAdaptador com entrada HDMI para sa\u00edda VGA.<br \/>\nPermite conectar o seu dispositivo com sa\u00edda HDMI em monitores comuns.<br \/>\nPermite a utiliza\u00e7\u00e3o de projetores e outros aparelhos com padr\u00e3o VGA de v\u00eddeo em players e notebooks com sa\u00eddas HDMI.<\/p>\n<p>Conex\u00f5es<br \/>\n01 x Entrada HDMI<br \/>\n01 x Sa\u00edda VGA<br \/>\n01 x Sa\u00edda de \u00c1udio P2<\/p>\n<p>Itens Inclusos<br \/>\n01 x Adaptador HDMI para VGA<br \/>\n01 x Cabo P2<\/p>\n","protected":false},"excerpt":{"rendered":"<p>Adaptador com entrada HDMI para sa\u00edda VGA.<br \/>\nPermite conectar o seu dispositivo com sa\u00edda HDMI em monitores comuns.<br \/>\nPermite a utiliza\u00e7\u00e3o de projetores e outros aparelhos com padr\u00e3o VGA de v\u00eddeo em players e notebooks com sa\u00eddas HDMI.<\/p>\n","protected":false},"featured_media":15949,"template":"","meta":{"_joinchat":[]},"_links":{"self":[{"href":"https:\/\/mistersates-import.com.br\/loja\/wp-json\/wp\/v2\/product\/12319"}],"collection":[{"href":"https:\/\/mistersates-import.com.br\/loja\/wp-json\/wp\/v2\/product"}],"about":[{"href":"https:\/\/mistersates-import.com.br\/loja\/wp-json\/wp\/v2\/types\/product"}],"wp:featuredmedia":[{"embeddable":true,"href":"https:\/\/mistersates-import.com.br\/loja\/wp-json\/wp\/v2\/media\/15949"}],"wp:attachment":[{"href":"https:\/\/mistersates-import.com.br\/loja\/wp-json\/wp\/v2\/media?parent=12319"}],"curies":[{"name":"wp","href":"https:\/\/api.w.org\/{rel}","templated":true}]}}