{"id":12337,"date":"2021-06-20T02:00:17","date_gmt":"2021-06-20T05:00:17","guid":{"rendered":"http:\/\/mistersates-import.com.br\/loja\/?post_type=product&#038;p=12337"},"modified":"2024-05-28T00:03:44","modified_gmt":"2024-05-28T03:03:44","slug":"cabo-macbook-3-em-1-thunderbolt-mini-display-port-mini-dp-macho-p-hdmi-dvi-vga","status":"publish","type":"product","link":"https:\/\/mistersates-import.com.br\/loja\/product\/cabo-macbook-3-em-1-thunderbolt-mini-display-port-mini-dp-macho-p-hdmi-dvi-vga\/","title":{"rendered":"Cabo Macbook 3 em 1 Thunderbolt Mini Display Port Mini Dp Macho P\/Hdmi Dvi Vga"},"content":{"rendered":"<p>Cor: Preto OU Branco conforme a disponibilidade em estoque<\/p>\n<p>Sinal de entrada: Mini Display Port 1.1a<\/p>\n<p>Sa\u00edda de v\u00eddeo: HDMI\/DVI\/VGA<\/p>\n<p>Entrada: Mini Display Port Masculino 20pin<\/p>\n<p>Sa\u00edda: HDMI f\u00eamea tipo a 19pin<\/p>\n<p>Conector: DVI Feminino (24 + 1) VGA Feminino pinos<\/p>\n<p>Faixa de Frequ\u00eancia Vertical: 50\/60 Hz<\/p>\n<p>V\u00eddeo Amplificador Largura de banda: 2,25 2.25Gbps\/225 MHz<\/p>\n<p>HDMI\/DVI\/VGA: 480i\/480 p, 576 p, 720 p, 1080i\/1080 p<\/p>\n<p>Consumo de energia (Max): 700 mW<\/p>\n<p>Comprimento total: aprox. 25 cm\/9,84 polegada<br \/>\nIncluso:<\/p>\n<p>1 Cabo Macbook 3 em 1<\/p>\n","protected":false},"excerpt":{"rendered":"<p>N\u00c3O FUNCIONA AS 3 PORTAS SIMULT\u00c2NEAS, S\u00d3 VAI FUNCIONAR UMA DE CADA VEZ.<br \/>\nN\u00c3O FUNCIONA AS 3 PORTAS SIMULT\u00c2NEAS, S\u00d3 VAI FUNCIONAR UMA DE CADA VEZ.<br \/>\nN\u00c3O FUNCIONA AS 3 PORTAS SIMULT\u00c2NEAS, S\u00d3 VAI FUNCIONAR UMA DE CADA VEZ.<\/p>\n<p>Cor: Preto OU Branco<\/p>\n<p>Sinal de entrada: Mini Display Port 1.1a<\/p>\n<p>Sa\u00edda de v\u00eddeo: HDMI\/DVI\/VGA<\/p>\n<p>Entrada: Mini Display Port Masculino 20pin<\/p>\n<p>Sa\u00edda: HDMI f\u00eamea tipo a 19pin<\/p>\n<p>Conector: DVI Feminino (24 + 1) VGA Feminino pinos<\/p>\n<p>Faixa de Frequ\u00eancia Vertical: 50\/60 Hz<\/p>\n<p>V\u00eddeo Amplificador Largura de banda: 2,25 2.25Gbps\/225 MHz<\/p>\n<p>HDMI\/DVI\/VGA: 480i\/480 p, 576 p, 720 p, 1080i\/1080 p<\/p>\n<p>Consumo de energia (Max): 700 mW<\/p>\n<p>Comprimento total: aprox. 25 cm\/9,84polegada<br \/>\nIncluso:<\/p>\n<p>1 Cabo Macbook 3 em 1<\/p>\n","protected":false},"featured_media":12339,"template":"","meta":{"_joinchat":[]},"_links":{"self":[{"href":"https:\/\/mistersates-import.com.br\/loja\/wp-json\/wp\/v2\/product\/12337"}],"collection":[{"href":"https:\/\/mistersates-import.com.br\/loja\/wp-json\/wp\/v2\/product"}],"about":[{"href":"https:\/\/mistersates-import.com.br\/loja\/wp-json\/wp\/v2\/types\/product"}],"wp:featuredmedia":[{"embeddable":true,"href":"https:\/\/mistersates-import.com.br\/loja\/wp-json\/wp\/v2\/media\/12339"}],"wp:attachment":[{"href":"https:\/\/mistersates-import.com.br\/loja\/wp-json\/wp\/v2\/media?parent=12337"}],"curies":[{"name":"wp","href":"https:\/\/api.w.org\/{rel}","templated":true}]}}