{"id":12355,"date":"2021-06-20T02:37:27","date_gmt":"2021-06-20T05:37:27","guid":{"rendered":"http:\/\/mistersates-import.com.br\/loja\/?post_type=product&#038;p=12355"},"modified":"2026-03-24T20:18:19","modified_gmt":"2026-03-24T23:18:19","slug":"chave-de-aperto-de-parafuso-para-protecao-acessorio-gopro","status":"publish","type":"product","link":"https:\/\/mistersates-import.com.br\/loja\/product\/chave-de-aperto-de-parafuso-para-protecao-acessorio-gopro\/","title":{"rendered":"Chave De Aperto De Parafuso Para Prote\u00e7\u00e3o Acess\u00f3rio Gopro"},"content":{"rendered":"<p>Esta chave de aperto para c\u00e2meras GoPro \u00e9 um acess\u00f3rio ideal para auxiliar voc\u00ea a apertar e soltar com facilidade os parafusos de fixa\u00e7\u00e3o da sua c\u00e2mera com os mais variados acess\u00f3rios existentes.<\/p>\n<p>A chave \u00e9 fabricada em pl\u00e1stico ABS, com alta resist\u00eancia e durabilidade, medindo aproximadamente 7,5 cm.<\/p>\n<p>Caracter\u00edsticas Gerais:<br \/>\nMarca: Shoot<br \/>\nMaterial: ABS<br \/>\nComprimento: 7,5 cm<\/p>\n<p>Compatibilidade:<br \/>\nEste produto \u00e9 compat\u00edvel com todos os modelos Hero da GoPro, bem como com outras c\u00e2meras de a\u00e7\u00e3o, tais como: SJCam, Action Cam, Eken, Shoot, Xiaomi Yi, Shoot, GoCam, Xtrax e Atrio.<\/p>\n<p>Itens Inclusos:<\/p>\n<p>1 x Chave de Aperto para Parafuso das C\u00e2meras de A\u00e7\u00e3o GoPro Hero SJCam<\/p>\n<p>Observa\u00e7\u00f5es:<br \/>\nN\u00e3o acompanha c\u00e2mera e acess\u00f3rios.<br \/>\nImagens meramente ilustrativas.<\/p>\n","protected":false},"excerpt":{"rendered":"<p>Chave de aperto para c\u00e2meras GoPro \u00e9 um acess\u00f3rio ideal para auxiliar voc\u00ea a apertar e soltar com facilidade os parafusos de fixa\u00e7\u00e3o da sua c\u00e2mera com os mais variados acess\u00f3rios existentes.<\/p>\n","protected":false},"featured_media":12356,"template":"","meta":{"_joinchat":[]},"_links":{"self":[{"href":"https:\/\/mistersates-import.com.br\/loja\/wp-json\/wp\/v2\/product\/12355"}],"collection":[{"href":"https:\/\/mistersates-import.com.br\/loja\/wp-json\/wp\/v2\/product"}],"about":[{"href":"https:\/\/mistersates-import.com.br\/loja\/wp-json\/wp\/v2\/types\/product"}],"wp:featuredmedia":[{"embeddable":true,"href":"https:\/\/mistersates-import.com.br\/loja\/wp-json\/wp\/v2\/media\/12356"}],"wp:attachment":[{"href":"https:\/\/mistersates-import.com.br\/loja\/wp-json\/wp\/v2\/media?parent=12355"}],"curies":[{"name":"wp","href":"https:\/\/api.w.org\/{rel}","templated":true}]}}