{"id":12381,"date":"2021-06-20T03:18:33","date_gmt":"2021-06-20T06:18:33","guid":{"rendered":"http:\/\/mistersates-import.com.br\/loja\/?post_type=product&#038;p=12381"},"modified":"2025-10-19T14:01:14","modified_gmt":"2025-10-19T17:01:14","slug":"controlador-sensor-ritmico-musical-fita-led-rgb-5050-3528","status":"publish","type":"product","link":"https:\/\/mistersates-import.com.br\/loja\/product\/controlador-sensor-ritmico-musical-fita-led-rgb-5050-3528\/","title":{"rendered":"Controlador Sensor R\u00edtmico Musical Fita Led Rgb 5050 3528"},"content":{"rendered":"<p>Controle R\u00edtmico Sens\u00edvel Ao Som Fita LED RGB 3528 5050<\/p>\n<p>Controlador r\u00edtmico\/musical microprocessado com controle remoto para fita LED RGB;<\/p>\n<p>Controlador com sensor sonoro, gera cores e efeitos luminosos de acordo com o r\u00edtmico musical!<\/p>\n<p>Acompanha automaticamente o r\u00edtmico da m\u00fasica, ideal para decora\u00e7\u00e3o de festas, eventos, bares, som automotivo, mesas de som de DJ&#8217;s, traves, palcos, etc., sem a necessidade de controles manuais.<\/p>\n<p>Pode ser utilizado tanto com fita LED SMD 5050 como SMD 3528;<\/p>\n<p>Alimenta\u00e7\u00e3o 12 VDC, corrente m\u00e1xima 6A;<\/p>\n<p>Controle remoto com 20 teclas, liga\/desliga, controle de brilho, configura\u00e7\u00e3o de 8 cores diferentes, 4 efeitos autom\u00e1ticos pr\u00e9-programados e 4 efeitos diferentes para acompanhar a m\u00fasica do ambiente;<\/p>\n<p>Conte\u00fado da embalagem:<\/p>\n<p>1 controlador r\u00edtmico e 1 controle remoto (N\u00c3O ACOMPANHA A BATERIA 2032 e Emenda.<\/p>\n","protected":false},"excerpt":{"rendered":"<p>Controle R\u00edtmico Sens\u00edvel Ao Som Fita LED RGB 3528 5050<\/p>\n<p>Controlador r\u00edtmico\/musical microprocessado com controle remoto para fita LED RGB;<\/p>\n<p>Controlador com sensor sonoro, gera cores e efeitos luminosos de acordo com o r\u00edtmico musical!<\/p>\n","protected":false},"featured_media":12382,"template":"","meta":{"_joinchat":[]},"_links":{"self":[{"href":"https:\/\/mistersates-import.com.br\/loja\/wp-json\/wp\/v2\/product\/12381"}],"collection":[{"href":"https:\/\/mistersates-import.com.br\/loja\/wp-json\/wp\/v2\/product"}],"about":[{"href":"https:\/\/mistersates-import.com.br\/loja\/wp-json\/wp\/v2\/types\/product"}],"wp:featuredmedia":[{"embeddable":true,"href":"https:\/\/mistersates-import.com.br\/loja\/wp-json\/wp\/v2\/media\/12382"}],"wp:attachment":[{"href":"https:\/\/mistersates-import.com.br\/loja\/wp-json\/wp\/v2\/media?parent=12381"}],"curies":[{"name":"wp","href":"https:\/\/api.w.org\/{rel}","templated":true}]}}