{"id":12386,"date":"2021-06-20T03:25:56","date_gmt":"2021-06-20T06:25:56","guid":{"rendered":"http:\/\/mistersates-import.com.br\/loja\/?post_type=product&#038;p=12386"},"modified":"2026-03-10T21:06:19","modified_gmt":"2026-03-11T00:06:19","slug":"controladorcontrole-24-teclas-para-fita-led-rgb-5050-e-3528","status":"publish","type":"product","link":"https:\/\/mistersates-import.com.br\/loja\/product\/controladorcontrole-24-teclas-para-fita-led-rgb-5050-e-3528\/","title":{"rendered":"Controlador+controle 24 Teclas Para Fita Led Rgb 5050 E 3528"},"content":{"rendered":"<p>Controlador + controle 24 Teclas Para Fita Led<\/p>\n<p>24 Teclas<br \/>\nV\u00e1rias cores e efeitos<br \/>\nTens\u00e3o de entrada: 12 volts<br \/>\nPot\u00eancia de sa\u00edda: 6A<br \/>\nFunciona para fita LEDs 3528 e 5050<\/p>\n<p>Fun\u00e7\u00f5es:<\/p>\n<p>Aumento e diminui\u00e7\u00e3o de brilho<br \/>\nLigar e desligar<br \/>\nMudan\u00e7as de cor: vermelho, verde, azul, branco e mais 12 tonalidades<br \/>\nEfeitos: Mudan\u00e7a aleat\u00f3ria, troca r\u00e1pida e velocidade m\u00e9dia<br \/>\nSTROBE: Acende e apaga a cor branca, troca lenta e gradativa<br \/>\nFADE: Troca autom\u00e1tica de cor, lenta e gradativa<br \/>\nSMOOTH: Mudan\u00e7a aleat\u00f3ria de cor<\/p>\n<p>Itens Incluso:<\/p>\n<p>1 Controlador<br \/>\n1 Controle 24 Teclas (N\u00c3O INCLUI A BATERIA, EMENDA)<\/p>\n","protected":false},"excerpt":{"rendered":"<p>Controlador + controle 24 Teclas Para Fita Led<\/p>\n<p>24 Teclas<br \/>\nV\u00e1rias cores e efeitos<br \/>\nTens\u00e3o de entrada: 12 volts<br \/>\nPot\u00eancia de sa\u00edda: 6A<br \/>\nFunciona para fita LEDs 3528 e 5050<\/p>\n","protected":false},"featured_media":12389,"template":"","meta":{"_joinchat":[]},"_links":{"self":[{"href":"https:\/\/mistersates-import.com.br\/loja\/wp-json\/wp\/v2\/product\/12386"}],"collection":[{"href":"https:\/\/mistersates-import.com.br\/loja\/wp-json\/wp\/v2\/product"}],"about":[{"href":"https:\/\/mistersates-import.com.br\/loja\/wp-json\/wp\/v2\/types\/product"}],"wp:featuredmedia":[{"embeddable":true,"href":"https:\/\/mistersates-import.com.br\/loja\/wp-json\/wp\/v2\/media\/12389"}],"wp:attachment":[{"href":"https:\/\/mistersates-import.com.br\/loja\/wp-json\/wp\/v2\/media?parent=12386"}],"curies":[{"name":"wp","href":"https:\/\/api.w.org\/{rel}","templated":true}]}}