{"id":12391,"date":"2021-06-20T03:35:30","date_gmt":"2021-06-20T06:35:30","guid":{"rendered":"http:\/\/mistersates-import.com.br\/loja\/?post_type=product&#038;p=12391"},"modified":"2025-10-30T19:39:42","modified_gmt":"2025-10-30T22:39:42","slug":"controlador-controle-44-teclas-para-fita-led-rgb-5050-e-3528","status":"publish","type":"product","link":"https:\/\/mistersates-import.com.br\/loja\/product\/controlador-controle-44-teclas-para-fita-led-rgb-5050-e-3528\/","title":{"rendered":"Controlador+ controle 44 Teclas Para Fita Led Rgb 5050 E 3528"},"content":{"rendered":"<p>Especifica\u00e7\u00e3o:<\/p>\n<p>Tipo: 44 key controle remoto<br \/>\nModo de conex\u00e3o: \u00e2nodo comum (+)<br \/>\nEntrada: 12 V<br \/>\nSa\u00edda: 12 V<br \/>\nCorrente de carga m\u00e1xima: 2a cada cor<br \/>\nSa\u00edda: sa\u00edda de drenagem-aberta de tr\u00eas cmos<br \/>\nTemperatura de trabalho:-20 \u00b0c-60 \u00b0c<br \/>\nModo &amp; Teste Padr\u00e3o:<br \/>\n20 cores est\u00e1ticas.<\/p>\n<p>Dimens\u00e3o da caixa de controle: 50mm x 34mm x 22mm \u00b1 0.2mm<br \/>\nDimens\u00e3o do controlador remoto: 124mm (l) \u00d756mm (w) \u00d7 6mm (h) \u00b1 0.2mm<br \/>\nBateria do controlador remoto: 1 x cr2025(N\u00e3o Inclu\u00eddo)<\/p>\n<p>O pacote Cont\u00e9m:<\/p>\n<p>1&#215;44 teclas de controle remoto<br \/>\n1 X Receptor Branco<br \/>\nBateria n\u00e3o est\u00e1 inclu\u00eddo por causa da raz\u00e3o de seguran\u00e7a e problema personalizado durante o transporte,<br \/>\nModelo da bateria\u00a0 \u00e9 CR2025, por favor compre voc\u00ea mesmo em seu mercado local.<\/p>\n","protected":false},"excerpt":{"rendered":"<p>Especifica\u00e7\u00e3o:<\/p>\n<p>Tipo: 44 key controle remoto<br \/>\nModo de conex\u00e3o: \u00e2nodo comum (+)<br \/>\nEntrada: 12 V<br \/>\nSa\u00edda: 12 V<br \/>\nCorrente de carga m\u00e1xima: 2a cada cor<br \/>\nSa\u00edda: sa\u00edda de drenagem-aberta de tr\u00eas cmos<br \/>\nTemperatura de trabalho:-20 \u00b0c-60 \u00b0c<br \/>\nModo &amp; Teste Padr\u00e3o:<br \/>\n20 cores est\u00e1ticas.<\/p>\n","protected":false},"featured_media":16440,"template":"","meta":{"_joinchat":[]},"_links":{"self":[{"href":"https:\/\/mistersates-import.com.br\/loja\/wp-json\/wp\/v2\/product\/12391"}],"collection":[{"href":"https:\/\/mistersates-import.com.br\/loja\/wp-json\/wp\/v2\/product"}],"about":[{"href":"https:\/\/mistersates-import.com.br\/loja\/wp-json\/wp\/v2\/types\/product"}],"wp:featuredmedia":[{"embeddable":true,"href":"https:\/\/mistersates-import.com.br\/loja\/wp-json\/wp\/v2\/media\/16440"}],"wp:attachment":[{"href":"https:\/\/mistersates-import.com.br\/loja\/wp-json\/wp\/v2\/media?parent=12391"}],"curies":[{"name":"wp","href":"https:\/\/api.w.org\/{rel}","templated":true}]}}