{"id":12395,"date":"2021-06-20T03:46:13","date_gmt":"2021-06-20T06:46:13","guid":{"rendered":"http:\/\/mistersates-import.com.br\/loja\/?post_type=product&#038;p=12395"},"modified":"2024-03-15T18:26:34","modified_gmt":"2024-03-15T21:26:34","slug":"dimmer-rgb-rf-sem-fio-para-fita-led-5050-3528-controle-remoto","status":"publish","type":"product","link":"https:\/\/mistersates-import.com.br\/loja\/product\/dimmer-rgb-rf-sem-fio-para-fita-led-5050-3528-controle-remoto\/","title":{"rendered":"Dimmer Rgb Rf Sem Fio Para Fita Led 5050 3528 + Controle Remoto"},"content":{"rendered":"<p>Modo Efeitos<br \/>\nVelocidade de efeitos<br \/>\nRegulagem de brilho<br \/>\nVoltagem: DC 5V &#8211; 24V<br \/>\nPot\u00eancia sa\u00edda: 12A(Max)<br \/>\nTemperatura trabalho: -20\u00b0C a -60\u00b0C<br \/>\nControle Remoto: RF Wireless<br \/>\nFrequ\u00eancia: 433 MHz<br \/>\nDist\u00e2ncia: &gt;15m \u00e1rea aberta<br \/>\nTamanho do controle remoto: 8,5cm x 4,0cm x 6,0cm (aproximadamente)<br \/>\nBateria controle remoto: 3V CR2025 (n\u00e3o inclusa)<br \/>\nMemoriza\u00e7\u00e3o autom\u00e1tica<\/p>\n<p>Como usar:<\/p>\n<p>ON \/ STANDBY : para ligar ou mudar para o modo de espera<br \/>\nLIGHT: mude para o modo de ilumina\u00e7\u00e3o est\u00e1tica ou din\u00e2mica<br \/>\n20% \/ 50% \/ 100% : mudar para 100%, 50%, 25% modo de brilho<br \/>\nMODO + \/ MODE &#8211; : mudar para o modo din\u00e2mico do modo de ilumina\u00e7\u00e3o est\u00e1tica, ou alternar entre os modos din\u00e2micos.<br \/>\nVELOCIDADE + \/ SPEED- : ajuste din\u00e2mico velocidade dos efeitos.<br \/>\nBRIGHT + \/ BRIGHT- : ajustar brilho.<\/p>\n<p>Itens inclusos:<\/p>\n<p>01 Dimmer RF Wifi para Led RGB<br \/>\n01 Controle remoto<\/p>\n","protected":false},"excerpt":{"rendered":"<p>Modo Efeitos<br \/>\nVelocidade de efeitos<br \/>\nRegulagem de brilho<br \/>\nVoltagem: DC 5V &#8211; 24V<br \/>\nPot\u00eancia sa\u00edda: 12A(Max)<br \/>\nTemperatura trabalho: -20\u00b0C a -60\u00b0C<br \/>\nControle Remoto: RF Wireless<br \/>\nFrequ\u00eancia: 433 MHz<br \/>\nDist\u00e2ncia: &gt;15m \u00e1rea aberta<br \/>\nTamanho do controle remoto: 8,5cm x 4,0cm x 6,0cm (aproximadamente)<br \/>\nBateria controle remoto: 3V CR2025 (n\u00e3o inclusa)<br \/>\nMemoriza\u00e7\u00e3o autom\u00e1tica<\/p>\n","protected":false},"featured_media":12397,"template":"","meta":{"_joinchat":[]},"_links":{"self":[{"href":"https:\/\/mistersates-import.com.br\/loja\/wp-json\/wp\/v2\/product\/12395"}],"collection":[{"href":"https:\/\/mistersates-import.com.br\/loja\/wp-json\/wp\/v2\/product"}],"about":[{"href":"https:\/\/mistersates-import.com.br\/loja\/wp-json\/wp\/v2\/types\/product"}],"wp:featuredmedia":[{"embeddable":true,"href":"https:\/\/mistersates-import.com.br\/loja\/wp-json\/wp\/v2\/media\/12397"}],"wp:attachment":[{"href":"https:\/\/mistersates-import.com.br\/loja\/wp-json\/wp\/v2\/media?parent=12395"}],"curies":[{"name":"wp","href":"https:\/\/api.w.org\/{rel}","templated":true}]}}