{"id":12400,"date":"2021-06-20T03:55:26","date_gmt":"2021-06-20T06:55:26","guid":{"rendered":"http:\/\/mistersates-import.com.br\/loja\/?post_type=product&#038;p=12400"},"modified":"2025-01-08T11:44:18","modified_gmt":"2025-01-08T14:44:18","slug":"controladora-dimmer-rf-c-controle-remoto-sem-fio-p-fita-rgb-5050-cor-unica","status":"publish","type":"product","link":"https:\/\/mistersates-import.com.br\/loja\/product\/controladora-dimmer-rf-c-controle-remoto-sem-fio-p-fita-rgb-5050-cor-unica\/","title":{"rendered":"Controladora Dimmer Rf C Controle Remoto Sem Fio- P Fita Rgb 5050 Cor Unica."},"content":{"rendered":"<p>Dimmer RF Wifi para Led COR UNICA 5050 OU 3528<\/p>\n<p>Caracter\u00edsticas:<br \/>\n* 8 efeitos din\u00e2micos<br \/>\n* Dimmer de n\u00edvel 10<br \/>\n* PWM de 256 graus<br \/>\n* Velocidade ajust\u00e1vel<br \/>\n* Tipo de cart\u00e3o remoto<br \/>\n* Desenho ultra fino<br \/>\n* Efeito suave<br \/>\n* 1 a 1 pareado<br \/>\n* Fun\u00e7\u00e3o de economia autom\u00e1tica<\/p>\n<p>Dicas de uso:<\/p>\n<p>1 &#8211; Ligar \/ estar em espera<br \/>\nPressione isso para ligar o interruptor da unidade ao modo stanby. A unidade ir\u00e1 ligar e restaurar o estado anterior ao ligar o momento.<\/p>\n<p>2 &#8211; Modo ilumina\u00e7\u00e3o<br \/>\nMude para o modo de ilumina\u00e7\u00e3o a partir do modo din\u00e2mico<\/p>\n<p>3\/8\/9 Aceleradores de ajuste de dimmer<br \/>\nMude para o modo de ilumina\u00e7\u00e3o de brilho de 100%, 50% ou 25%<\/p>\n<p>Itens inclusos:<br \/>\n01 Dimmer RF Wifi para Led de uma cor<br \/>\n01 Controle remoto<br \/>\n01 Manual de uso<\/p>\n","protected":false},"excerpt":{"rendered":"<p>Dimmer RF Wifi para Led COR UNICA 5050 OU 3528<\/p>\n<p>Caracter\u00edsticas:<br \/>\n* 8 efeitos din\u00e2micos<br \/>\n* Dimmer de n\u00edvel 10<br \/>\n* PWM de 256 graus<br \/>\n* Velocidade ajust\u00e1vel<br \/>\n* Tipo de cart\u00e3o remoto<br \/>\n* Desenho ultra fino<br \/>\n* Efeito suave<br \/>\n* 1 a 1 pareado<br \/>\n* Fun\u00e7\u00e3o de economia autom\u00e1tica<\/p>\n","protected":false},"featured_media":12404,"template":"","meta":{"_joinchat":[]},"_links":{"self":[{"href":"https:\/\/mistersates-import.com.br\/loja\/wp-json\/wp\/v2\/product\/12400"}],"collection":[{"href":"https:\/\/mistersates-import.com.br\/loja\/wp-json\/wp\/v2\/product"}],"about":[{"href":"https:\/\/mistersates-import.com.br\/loja\/wp-json\/wp\/v2\/types\/product"}],"wp:featuredmedia":[{"embeddable":true,"href":"https:\/\/mistersates-import.com.br\/loja\/wp-json\/wp\/v2\/media\/12404"}],"wp:attachment":[{"href":"https:\/\/mistersates-import.com.br\/loja\/wp-json\/wp\/v2\/media?parent=12400"}],"curies":[{"name":"wp","href":"https:\/\/api.w.org\/{rel}","templated":true}]}}