{"id":12426,"date":"2021-06-20T04:50:03","date_gmt":"2021-06-20T07:50:03","guid":{"rendered":"http:\/\/mistersates-import.com.br\/loja\/?post_type=product&#038;p=12426"},"modified":"2024-07-06T20:50:03","modified_gmt":"2024-07-06T23:50:03","slug":"extensao-haste-elo-flexivel-para-parafusadeiras","status":"publish","type":"product","link":"https:\/\/mistersates-import.com.br\/loja\/product\/extensao-haste-elo-flexivel-para-parafusadeiras\/","title":{"rendered":"Extens\u00e3o Haste Elo Flex\u00edvel Para Parafusadeiras"},"content":{"rendered":"<p>100% novo e de alta qualidade.<br \/>\nEste eixo flex\u00edvel pode ser usado para mandril de broca de m\u00e3o de f\u00f3rmula geral,<br \/>\ntamb\u00e9m pode ser usado para chave de fenda de chave de fenda el\u00e9trica.<br \/>\nCabe\u00e7a do eixo flex\u00edvel pode ser montado haste sextavada (1\/4 al\u00e7a) o primeiro lote,<br \/>\nusado principalmente em chassis de computador, arm\u00e1rios el\u00e9tricos, m\u00f3veis,<br \/>\neletrodom\u00e9sticos e outra chave de fenda espa\u00e7o estreito n\u00e3o pode trabalhar em um ambiente de opera\u00e7\u00f5es<\/p>\n<p>Especifica\u00e7\u00e3o:<\/p>\n<p>Material: Pl\u00e1stico + metal<br \/>\nComprimento total: 295mm<br \/>\nDimens\u00f5es do eixo flex\u00edvel:<br \/>\nHexagonal: 6.35mm Hex\u00e1gono<br \/>\ninterno: 6.35mm<br \/>\nEspecifica\u00e7\u00e3o<br \/>\nDimens\u00e3o e Peso<\/p>\n<p>Peso do produto: 0,0300 kg<br \/>\nPeso da embalagem: 0,0400 kg<br \/>\nTamanho do produto (L x L x A): 29,50 x 0,64 x 0,64 cm \/ 11,61 x 0,25 x 0,25 polegadas<br \/>\nTamanho do pacote (L x L x A): 30,00 x 1,00 x 1,00 cm \/ 11,81 x 0,39 x 0,39 polegadas<br \/>\nconte\u00fado do pacote<\/p>\n<p>Conte\u00fado do pacote: 1 x suporte de broca de eixo flex\u00edvel<\/p>\n","protected":false},"excerpt":{"rendered":"<p>100% novo e de alta qualidade.<br \/>\nEste eixo flex\u00edvel pode ser usado para mandril de broca de m\u00e3o de f\u00f3rmula geral,<br \/>\ntamb\u00e9m pode ser usado para chave de fenda de chave de fenda el\u00e9trica.<br \/>\nCabe\u00e7a do eixo flex\u00edvel pode ser montado haste sextavada (1\/4 al\u00e7a) o primeiro lote,<br \/>\nusado principalmente em chassis de computador, arm\u00e1rios el\u00e9tricos, m\u00f3veis,<br \/>\neletrodom\u00e9sticos e outra chave de fenda espa\u00e7o estreito n\u00e3o pode trabalhar em um ambiente de opera\u00e7\u00f5es<\/p>\n","protected":false},"featured_media":12430,"template":"","meta":{"_joinchat":[]},"_links":{"self":[{"href":"https:\/\/mistersates-import.com.br\/loja\/wp-json\/wp\/v2\/product\/12426"}],"collection":[{"href":"https:\/\/mistersates-import.com.br\/loja\/wp-json\/wp\/v2\/product"}],"about":[{"href":"https:\/\/mistersates-import.com.br\/loja\/wp-json\/wp\/v2\/types\/product"}],"wp:featuredmedia":[{"embeddable":true,"href":"https:\/\/mistersates-import.com.br\/loja\/wp-json\/wp\/v2\/media\/12430"}],"wp:attachment":[{"href":"https:\/\/mistersates-import.com.br\/loja\/wp-json\/wp\/v2\/media?parent=12426"}],"curies":[{"name":"wp","href":"https:\/\/api.w.org\/{rel}","templated":true}]}}