{"id":12432,"date":"2021-06-20T05:08:14","date_gmt":"2021-06-20T08:08:14","guid":{"rendered":"http:\/\/mistersates-import.com.br\/loja\/?post_type=product&#038;p=12432"},"modified":"2024-08-01T13:03:55","modified_gmt":"2024-08-01T16:03:55","slug":"02-un-extensor-hdmi-3d-30-metros-via-cabo-de-rede-utp-rj45-cat5e6-valor-do-par","status":"publish","type":"product","link":"https:\/\/mistersates-import.com.br\/loja\/product\/02-un-extensor-hdmi-3d-30-metros-via-cabo-de-rede-utp-rj45-cat5e6-valor-do-par\/","title":{"rendered":"02 UN Extensor Hdmi 3d 30 Metros Via Cabo De Rede Utp Rj45 Cat5e6 valor do PAR"},"content":{"rendered":"<p>Utilize 2 cabos de rede CAT5e e CAT6 para transmiss\u00e3o em alta defini\u00e7\u00e3o da NET, SKY, DVD, BLU-RAY, NINTENDO WII U, PLAYSTATION 3, XBOX 360 entre outros dispositivos HDMI a grandes dist\u00e2ncias sem precisar dos caros cabos HDMI de grande metragem.<\/p>\n<p>Caracter\u00edsticas:<\/p>\n<p>&#8211; Par de m\u00f3dulos Transmissor e Receptor;<br \/>\n&#8211; Usa 2 cabos de rede cat5e ou cat6 (melhor qualidade para dist\u00e2ncias maiores);<br \/>\n&#8211; Para cabos de rede com comprimentos de at\u00e9 30m;<br \/>\n&#8211; Suporta taxas de 1.65Gbps e 1080HD;<br \/>\n&#8211; Suporta padr\u00e3o HDCP;<br \/>\n&#8211; Suporte a tecnologia 3D;<br \/>\nEspecifica\u00e7\u00f5es:<\/p>\n<p>&#8211; Tamanho compacto;<br \/>\n&#8211; Cabo CAT-5e \/ 6 pode substituir o cabo HDMI para conseguir a transmiss\u00e3o de longa dist\u00e2ncia;<br \/>\n&#8211; Segue o padr\u00e3o IEEE-568B;<br \/>\n&#8211; A dist\u00e2ncia de transmiss\u00e3o pode ser de at\u00e9 30 metros para 1080p usando o cabo CAT5e\/6;<br \/>\n&#8211; Suporta a mais alta resolu\u00e7\u00e3o de v\u00eddeo 1080p;<br \/>\n&#8211; 165MHz\/1.65Gbps Suporte por canal (4.95Gbps todos os canais) largura de banda;<br \/>\n&#8211; Suporte 8bits por canal (24bits todos os canais), cor profunda;<br \/>\n&#8211; Suporte de \u00e1udio sem compress\u00e3o, tais como LPCM;<br \/>\n&#8211; Suporte de \u00e1udio comprimido, como DTS Digital, Dolby Digital (Incluindo DTS-HD e Dolby True HD);<\/p>\n<p>Conte\u00fado da embalagem:<\/p>\n<p>&#8211; 1 x Transmissor;<br \/>\n&#8211; 1 x Receptor;<\/p>\n","protected":false},"excerpt":{"rendered":"<p>Utilize 2 cabos de rede CAT5e e CAT6 para transmiss\u00e3o em alta defini\u00e7\u00e3o da NET, SKY, DVD, BLU-RAY, NINTENDO WII U, PLAYSTATION 3, XBOX 360 entre outros dispositivos HDMI a grandes dist\u00e2ncias sem precisar dos caros cabos HDMI de grande metragem.<\/p>\n","protected":false},"featured_media":15600,"template":"","meta":{"_joinchat":[]},"_links":{"self":[{"href":"https:\/\/mistersates-import.com.br\/loja\/wp-json\/wp\/v2\/product\/12432"}],"collection":[{"href":"https:\/\/mistersates-import.com.br\/loja\/wp-json\/wp\/v2\/product"}],"about":[{"href":"https:\/\/mistersates-import.com.br\/loja\/wp-json\/wp\/v2\/types\/product"}],"wp:featuredmedia":[{"embeddable":true,"href":"https:\/\/mistersates-import.com.br\/loja\/wp-json\/wp\/v2\/media\/15600"}],"wp:attachment":[{"href":"https:\/\/mistersates-import.com.br\/loja\/wp-json\/wp\/v2\/media?parent=12432"}],"curies":[{"name":"wp","href":"https:\/\/api.w.org\/{rel}","templated":true}]}}