{"id":12449,"date":"2021-06-20T18:49:39","date_gmt":"2021-06-20T21:49:39","guid":{"rendered":"http:\/\/mistersates-import.com.br\/loja\/?post_type=product&#038;p=12449"},"modified":"2026-03-11T12:43:30","modified_gmt":"2026-03-11T15:43:30","slug":"gopro-acessorio-adaptador-j-hook-buckle-capacet-bike","status":"publish","type":"product","link":"https:\/\/mistersates-import.com.br\/loja\/product\/gopro-acessorio-adaptador-j-hook-buckle-capacet-bike\/","title":{"rendered":"Gopro Acessorio Adaptador J-hook Buckle Capacet Bike"},"content":{"rendered":"<p>Descri\u00e7\u00e3o<\/p>\n<p>Adaptador Buckle Quick Release &#8220;J&#8221; para conectar a sua c\u00e2mera nos principais acess\u00f3rios da GoPro. Ex: suporte de cabe\u00e7a, peito, punho, capacete.<\/p>\n<p>\u00d3tima qualidade.<br \/>\nCor: Preto.<\/p>\n<p>Compat\u00edvel com todas as GoPro e c\u00e2meras similares.<\/p>\n<p>Itens inclusos:<br \/>\n1 x Adaptador Buckle Quick Release formato J<\/p>\n<p>C\u00e2mera n\u00e3o inclusa.<br \/>\nImagem meramente ilustrativa.<\/p>\n","protected":false},"excerpt":{"rendered":"<p>Adaptador Buckle Quick Release &#8220;J&#8221; para conectar a sua c\u00e2mera nos principais acess\u00f3rios da GoPro. Ex: suporte de cabe\u00e7a, peito, punho, capacete.<\/p>\n","protected":false},"featured_media":12450,"template":"","meta":{"_joinchat":[]},"_links":{"self":[{"href":"https:\/\/mistersates-import.com.br\/loja\/wp-json\/wp\/v2\/product\/12449"}],"collection":[{"href":"https:\/\/mistersates-import.com.br\/loja\/wp-json\/wp\/v2\/product"}],"about":[{"href":"https:\/\/mistersates-import.com.br\/loja\/wp-json\/wp\/v2\/types\/product"}],"wp:featuredmedia":[{"embeddable":true,"href":"https:\/\/mistersates-import.com.br\/loja\/wp-json\/wp\/v2\/media\/12450"}],"wp:attachment":[{"href":"https:\/\/mistersates-import.com.br\/loja\/wp-json\/wp\/v2\/media?parent=12449"}],"curies":[{"name":"wp","href":"https:\/\/api.w.org\/{rel}","templated":true}]}}