{"id":12465,"date":"2021-06-20T19:17:08","date_gmt":"2021-06-20T22:17:08","guid":{"rendered":"http:\/\/mistersates-import.com.br\/loja\/?post_type=product&#038;p=12465"},"modified":"2025-08-20T20:17:15","modified_gmt":"2025-08-20T23:17:15","slug":"kit-6-brocas-hss-banhada-titanio-p-corte-madeiraaluminio","status":"publish","type":"product","link":"https:\/\/mistersates-import.com.br\/loja\/product\/kit-6-brocas-hss-banhada-titanio-p-corte-madeiraaluminio\/","title":{"rendered":"Kit 6 Brocas Hss Banhada Titanio P\/Corte Madeira,Aluminio"},"content":{"rendered":"<p>Caracter\u00edsticas<\/p>\n<p>1. Vida mais longa e durabilidade.<br \/>\n2. Feito uso de material HSS a\u00e7o de alta velocidade com tit\u00e2nio revestido, Brocas corpo borda afiada, Mais r\u00e1pido com menos esfor\u00e7o.<br \/>\n3. \u00c2mbito: Indicado para madeira fina, madeira, alum\u00ednio, placas de pl\u00e1stico puxar grooving.<br \/>\nMaterial: HSS 4241<br \/>\nTratamento de superf\u00edcie: tit\u00e2nio revestido<br \/>\nCaracter\u00edsticas: dureza at\u00e9 60-63HRC<br \/>\nQuantidade: 6pcs<br \/>\nComprimento x di\u00e2metro: 57&#215;3 mm, 67&#215;4 mm, 72&#215;5 mm, 83&#215;6 mm, 84&#215;6,5 mm, 93&#215;8 mm<br \/>\nEspecifica\u00e7\u00e3o: HSS 8, 6,5 hss, HSS 6, 5 hss, HSS 4, 3 HSS<\/p>\n","protected":false},"excerpt":{"rendered":"<p>Caracter\u00edsticas<\/p>\n<p>1. Vida mais longa e durabilidade.<br \/>\n2. Feito uso de material HSS a\u00e7o de alta velocidade com tit\u00e2nio revestido, Brocas corpo borda afiada, Mais r\u00e1pido com menos esfor\u00e7o.<br \/>\n3. \u00c2mbito: Indicado para madeira fina, madeira, alum\u00ednio, placas de pl\u00e1stico puxar grooving.<br \/>\nMaterial: HSS 4241<br \/>\nTratamento de superf\u00edcie: tit\u00e2nio revestido<br \/>\nCaracter\u00edsticas: dureza at\u00e9 60-63HRC<br \/>\nQuantidade: 6pcs<br \/>\nComprimento x di\u00e2metro: 57&#215;3 mm, 67&#215;4 mm, 72&#215;5 mm, 83&#215;6 mm, 84&#215;6,5 mm, 93&#215;8 mm<br \/>\nEspecifica\u00e7\u00e3o: HSS 8, 6,5 hss, HSS 6, 5 hss, HSS 4, 3 HSS<\/p>\n","protected":false},"featured_media":12470,"template":"","meta":{"_joinchat":[]},"_links":{"self":[{"href":"https:\/\/mistersates-import.com.br\/loja\/wp-json\/wp\/v2\/product\/12465"}],"collection":[{"href":"https:\/\/mistersates-import.com.br\/loja\/wp-json\/wp\/v2\/product"}],"about":[{"href":"https:\/\/mistersates-import.com.br\/loja\/wp-json\/wp\/v2\/types\/product"}],"wp:featuredmedia":[{"embeddable":true,"href":"https:\/\/mistersates-import.com.br\/loja\/wp-json\/wp\/v2\/media\/12470"}],"wp:attachment":[{"href":"https:\/\/mistersates-import.com.br\/loja\/wp-json\/wp\/v2\/media?parent=12465"}],"curies":[{"name":"wp","href":"https:\/\/api.w.org\/{rel}","templated":true}]}}