{"id":12474,"date":"2021-06-20T19:46:14","date_gmt":"2021-06-20T22:46:14","guid":{"rendered":"http:\/\/mistersates-import.com.br\/loja\/?post_type=product&#038;p=12474"},"modified":"2025-02-10T11:21:53","modified_gmt":"2025-02-10T14:21:53","slug":"kit-de-lentes-fish-eye-e-macro-para-iphone-4-4s-5-e-outros","status":"publish","type":"product","link":"https:\/\/mistersates-import.com.br\/loja\/product\/kit-de-lentes-fish-eye-e-macro-para-iphone-4-4s-5-e-outros\/","title":{"rendered":"Kit De Lentes Fish Eye E Macro Para Iphone 4 ,4s ,5 E Outros"},"content":{"rendered":"<p>KIT LENTES 3&#215;1 UNIVERSAL PARA CELULARES &#8220;OLHO DE PEIXE&#8221; (FISHEYE \/ WIDE \/ MACRO)<\/p>\n<p>caracter\u00edsticas:<\/p>\n<p>&#8211; FISHEYE (OLHO DE PEIXE): Capta um campo de vis\u00e3o de cerca de 180 graus e produz imagens \u00fanicas e marcantes;<br \/>\n&#8211; MACRO: Aplica um multiplicador de alcance e permite que voc\u00ea focalize o celular extremamente perto do objeto;<br \/>\n&#8211; WIDE (GRANDE ANGULAR): Excelente para quando voc\u00ea precisa de um campo de vis\u00e3o amplo;<br \/>\n&#8211; Compat\u00edvel com Iphones, Ipads, HTC, Motorola, Samsung, Nokia, Kodak, Blackberry, entre outros modelos com c\u00e2mera e celulares at\u00e9 3 cm de dist\u00e2ncia de borda;<\/p>\n<p>Informa\u00e7\u00f5es t\u00e9cnicas:<\/p>\n<p>&#8211; Produto: Kit lentes para celular<br \/>\n&#8211; Material: Alum\u00ednio e pl\u00e1stico<br \/>\n&#8211; Tampas para ambas as extremidades da lente<br \/>\n&#8211; Acompanha &#8221;saquinho&#8221; para guardar as lentes<br \/>\n&#8211; A lente WIDE \u00e9 rosqueada na lente MACRO<br \/>\n&#8211; Desmont\u00e1vel<\/p>\n<p>Itens Inclusos:<\/p>\n<p>&#8211; 1x Lente Fisheye<br \/>\n&#8211; 1x Lente Wide<br \/>\n&#8211; 1x Lente Macro<br \/>\n&#8211; 1x Suporte para lente<br \/>\n&#8211; 2x Tampas<\/p>\n","protected":false},"excerpt":{"rendered":"<p>Informa\u00e7\u00f5es t\u00e9cnicas:<\/p>\n<p>&#8211; Produto: Kit lentes para celular<br \/>\n&#8211; Material: Alum\u00ednio e pl\u00e1stico<br \/>\n&#8211; Tampas para ambas as extremidades da lente<br \/>\n&#8211; Acompanha &#8221;saquinho&#8221; para guardar as lentes<br \/>\n&#8211; A lente WIDE \u00e9 rosqueada na lente MACRO<br \/>\n&#8211; Desmont\u00e1vel<\/p>\n","protected":false},"featured_media":12475,"template":"","meta":{"_joinchat":[]},"_links":{"self":[{"href":"https:\/\/mistersates-import.com.br\/loja\/wp-json\/wp\/v2\/product\/12474"}],"collection":[{"href":"https:\/\/mistersates-import.com.br\/loja\/wp-json\/wp\/v2\/product"}],"about":[{"href":"https:\/\/mistersates-import.com.br\/loja\/wp-json\/wp\/v2\/types\/product"}],"wp:featuredmedia":[{"embeddable":true,"href":"https:\/\/mistersates-import.com.br\/loja\/wp-json\/wp\/v2\/media\/12475"}],"wp:attachment":[{"href":"https:\/\/mistersates-import.com.br\/loja\/wp-json\/wp\/v2\/media?parent=12474"}],"curies":[{"name":"wp","href":"https:\/\/api.w.org\/{rel}","templated":true}]}}