{"id":12479,"date":"2021-06-20T19:53:10","date_gmt":"2021-06-20T22:53:10","guid":{"rendered":"http:\/\/mistersates-import.com.br\/loja\/?post_type=product&#038;p=12479"},"modified":"2026-04-09T13:28:21","modified_gmt":"2026-04-09T16:28:21","slug":"suporte-adaptador-tripe-tripod-mount-gopro-sjcam-xiaomi","status":"publish","type":"product","link":"https:\/\/mistersates-import.com.br\/loja\/product\/suporte-adaptador-tripe-tripod-mount-gopro-sjcam-xiaomi\/","title":{"rendered":"Suporte Adaptador Trip\u00e9 TriPod Mount Gopro Sjcam Xiaomi"},"content":{"rendered":"<p>Adaptador De Tripe E Bast\u00e3o P\/ Gopro Tripod Mount Monopod<br \/>\nEste acess\u00f3rio \u00e9 recomendado para ser utilizado sua c\u00e2mera Gopro ou similar que use o mesmo sistema de encaixe.<br \/>\nCompat\u00edvel: Gopro Hero 1 Gopro Hero 2 Gopro Hero 3 Gopro Hero 4 Gopro Hero 5 Gopro Hero 6 Gopro Hero 7<\/p>\n<p>Suporte para prender a GoPro no trip\u00e9 com rosca de 1\/4&#8243; (rosca padr\u00e3o).<br \/>\n&#8211; Compat\u00edvel com todos os modelos de Gopro fabricadas at\u00e9 o momento!<br \/>\n&#8211; Cor: Preto<br \/>\n&#8211; Peso: 5 gramas<br \/>\n&#8211; Dimens\u00f5es: 3cm x 3cm<br \/>\n&#8211; Aten\u00e7\u00e3o: Este suporte n\u00e3o \u00e9 fabricado pela Gopro, Produto Similar, compat\u00edvel com todos os modelos de Gopro<\/p>\n","protected":false},"excerpt":{"rendered":"<p>Adaptador De Tripe E Bast\u00e3o P\/ Gopro Tripod Mount Monopod<br \/>\nEste acess\u00f3rio \u00e9 recomendado para ser utilizado sua c\u00e2mera Gopro ou similar que use o mesmo sistema de encaixe.<br \/>\nCompat\u00edvel: Gopro Hero 1 Gopro Hero 2 Gopro Hero 3 Gopro Hero 4 Gopro Hero 5 Gopro Hero 6 Gopro Hero 7<\/p>\n","protected":false},"featured_media":12483,"template":"","meta":{"_joinchat":[]},"_links":{"self":[{"href":"https:\/\/mistersates-import.com.br\/loja\/wp-json\/wp\/v2\/product\/12479"}],"collection":[{"href":"https:\/\/mistersates-import.com.br\/loja\/wp-json\/wp\/v2\/product"}],"about":[{"href":"https:\/\/mistersates-import.com.br\/loja\/wp-json\/wp\/v2\/types\/product"}],"wp:featuredmedia":[{"embeddable":true,"href":"https:\/\/mistersates-import.com.br\/loja\/wp-json\/wp\/v2\/media\/12483"}],"wp:attachment":[{"href":"https:\/\/mistersates-import.com.br\/loja\/wp-json\/wp\/v2\/media?parent=12479"}],"curies":[{"name":"wp","href":"https:\/\/api.w.org\/{rel}","templated":true}]}}