{"id":12484,"date":"2021-06-20T20:19:35","date_gmt":"2021-06-20T23:19:35","guid":{"rendered":"http:\/\/mistersates-import.com.br\/loja\/?post_type=product&#038;p=12484"},"modified":"2026-01-02T19:54:50","modified_gmt":"2026-01-02T22:54:50","slug":"kit-mini-mandril-com-8-pecas-retifica","status":"publish","type":"product","link":"https:\/\/mistersates-import.com.br\/loja\/product\/kit-mini-mandril-com-8-pecas-retifica\/","title":{"rendered":"Kit Mini Mandril Com 8 Pe\u00e7as Retifica"},"content":{"rendered":"<p>Descri\u00e7\u00e3o<\/p>\n<p>especifica\u00e7\u00f5es:<\/p>\n<p>Este 0.5-3mm mandril da broca de tor\u00e7\u00e3o conjunto \u00e9 feito de cobre com excelente acabamento.<br \/>\nAs pin\u00e7as podem ir com tor\u00e7\u00e3o broca como uma m\u00e3o mini dril para placa do ABS, alum\u00ednio shet, cart\u00e3o de perfura\u00e7\u00e3o.<\/p>\n<p>Tipo: Broca Chuck<br \/>\ncor: Golden<br \/>\nMaterial: Cobre<br \/>\nquantidade: 8 Pcs<br \/>\ncaracter\u00edsticas: Furadeira El\u00e9trica, Mini Ferramentas, pr\u00e1tico<br \/>\nadaptador Tamanho Da Broca: 0.5mm-3.0mm\/0.02-0.12 &#8221; (Aprox.)<\/p>\n<p>notas:<\/p>\n<p>Diferen\u00e7a devido \u00e0 luz e tela de configura\u00e7\u00e3o, a cor do item pode ser ligeiramente diferente das fotos.<br \/>\nPor favor permitir ligeira diferen\u00e7a devido \u00e0 medi\u00e7\u00e3o manual diferente dimens\u00e3o.<\/p>\n<p>O pacote Inclui:<\/p>\n<p>1 x Eixo<br \/>\n1 x Tampa de Cobre<br \/>\n1 x Chave Allen<br \/>\n1&#215;0.5mm Broca Pin\u00e7a<br \/>\n1&#215;1.0mm Broca Pin\u00e7a<br \/>\n1&#215;1.5mm Broca Pin\u00e7a<br \/>\n1&#215;2.5mm Broca Pin\u00e7a<br \/>\n1&#215;3.0mm Broca Pin\u00e7a<\/p>\n","protected":false},"excerpt":{"rendered":"<p>Descri\u00e7\u00e3o<\/p>\n<p>especifica\u00e7\u00f5es:<\/p>\n<p>Este 0.5-3mm mandril da broca de tor\u00e7\u00e3o conjunto \u00e9 feito de cobre com excelente acabamento.<br \/>\nAs pin\u00e7as podem ir com tor\u00e7\u00e3o broca como uma m\u00e3o mini dril para placa do ABS, alum\u00ednio shet, cart\u00e3o de perfura\u00e7\u00e3o.<\/p>\n<p>Tipo: Broca Chuck<br \/>\ncor: Golden<br \/>\nMaterial: Cobre<br \/>\nquantidade: 8 Pcs<br \/>\ncaracter\u00edsticas: Furadeira El\u00e9trica, Mini Ferramentas, pr\u00e1tico<br \/>\nadaptador Tamanho Da Broca: 0.5mm-3.0mm\/0.02-0.12 &#8221; (Aprox.)<\/p>\n<p>notas:<\/p>\n<p>Diferen\u00e7a devido \u00e0 luz e tela de configura\u00e7\u00e3o, a cor do item pode ser ligeiramente diferente das fotos.<br \/>\nPor favor permitir ligeira diferen\u00e7a devido \u00e0 medi\u00e7\u00e3o manual diferente dimens\u00e3o.<\/p>\n<p>O pacote Inclui:<\/p>\n<p>1 x Eixo<br \/>\n1 x Tampa de Cobre<br \/>\n1 x Chave Allen<br \/>\n1&#215;0.5mm Broca Pin\u00e7a<br \/>\n1&#215;1.0mm Broca Pin\u00e7a<br \/>\n1&#215;1.5mm Broca Pin\u00e7a<br \/>\n1&#215;2.5mm Broca Pin\u00e7a<br \/>\n1&#215;3.0mm Broca Pin\u00e7a<\/p>\n","protected":false},"featured_media":12489,"template":"","meta":{"_joinchat":[]},"_links":{"self":[{"href":"https:\/\/mistersates-import.com.br\/loja\/wp-json\/wp\/v2\/product\/12484"}],"collection":[{"href":"https:\/\/mistersates-import.com.br\/loja\/wp-json\/wp\/v2\/product"}],"about":[{"href":"https:\/\/mistersates-import.com.br\/loja\/wp-json\/wp\/v2\/types\/product"}],"wp:featuredmedia":[{"embeddable":true,"href":"https:\/\/mistersates-import.com.br\/loja\/wp-json\/wp\/v2\/media\/12489"}],"wp:attachment":[{"href":"https:\/\/mistersates-import.com.br\/loja\/wp-json\/wp\/v2\/media?parent=12484"}],"curies":[{"name":"wp","href":"https:\/\/api.w.org\/{rel}","templated":true}]}}