{"id":12496,"date":"2021-06-20T20:55:44","date_gmt":"2021-06-20T23:55:44","guid":{"rendered":"http:\/\/mistersates-import.com.br\/loja\/?post_type=product&#038;p=12496"},"modified":"2024-03-15T18:27:25","modified_gmt":"2024-03-15T21:27:25","slug":"lampada-torpedo-3-led-36mm","status":"publish","type":"product","link":"https:\/\/mistersates-import.com.br\/loja\/product\/lampada-torpedo-3-led-36mm\/","title":{"rendered":"L\u00e2mpada Torpedo 3 led 36mm"},"content":{"rendered":"<p>AR DE L\u00c2MPADAS TORPEDOS DE LED SMD<\/p>\n<p>APLICA\u00c7\u00c3O:<\/p>\n<p>TODOS OS CARROS QUE UTILIZAM TORPEDOS<\/p>\n<p>O USO DAS L\u00c2MPADAS DE LED N\u00c3O \u00c9 MAIS PRIVIL\u00c9GIO DE CARROS DE LUXO.<br \/>\nAS L\u00c2MPADAS DE LED PASSARAM A SER A MELHOR OP\u00c7\u00c3O EM L\u00c2MPADAS!<br \/>\nPOSSUEM MENOR CONSUMO DE ENERGIA E ATINGEM SUA POT\u00caNCIA M\u00c1XIMA MUITO MAIS R\u00c1PIDO QUE AS L\u00c2MPADAS CONVENCIONAIS.<br \/>\nVALE A PENA INVESTIR EM L\u00c2MPADAS DE LED!!!<\/p>\n<p>ILUMINA\u00c7\u00c3O SUPER BRANCA<br \/>\nALTA DURABILIDADE<br \/>\nPROTE\u00c7\u00c3O PERFEITA ANTICORROS\u00c3O<br \/>\nALIMENTA\u00c7\u00c3O 12V<br \/>\nBAIXO CONSUMO DE ENERGIA<br \/>\nLEDS SMD DE ALTO BRILHO<br \/>\nVIDA \u00daTIL E PERFORMANCE OTIMIZADAS<\/p>\n<p>ALGUNS MODELOS PODEM OCASIONAR ERRO NO COMPUTADOR DE BORDO AP\u00d3S A TROCA DAS L\u00c2MPADAS.<br \/>\nCASO ISSO OCORRA SER\u00c1 NECESS\u00c1RIO INSTALAR UM RESISTOR CANCELLER PARA QUE NORMALIZE A MENSAGEM DE ERRO.<\/p>\n<p>TRABALHAMOS DE ACORDO COM A TABELA DE APLICA\u00c7\u00d5ES DA MONTADORA.<\/p>\n<p>ALGUNS VE\u00cdCULOS, PRINCIPALMENTE VE\u00cdCULOS DE SEGUNDO DONO, PODEM TER ALTERA\u00c7\u00d5ES NOS MODELOS.<\/p>\n<p>CONSULTE O MANUAL DO VE\u00cdCULO PARA CONFIRMAR OS MODELOS ANTES DE FAZER A COMPRA.<\/p>\n","protected":false},"excerpt":{"rendered":"<p>AR DE L\u00c2MPADAS TORPEDOS DE LED SMD<\/p>\n<p>APLICA\u00c7\u00c3O:<\/p>\n<p>TODOS OS CARROS QUE UTILIZAM TORPEDOS<\/p>\n","protected":false},"featured_media":12502,"template":"","meta":{"_joinchat":[]},"_links":{"self":[{"href":"https:\/\/mistersates-import.com.br\/loja\/wp-json\/wp\/v2\/product\/12496"}],"collection":[{"href":"https:\/\/mistersates-import.com.br\/loja\/wp-json\/wp\/v2\/product"}],"about":[{"href":"https:\/\/mistersates-import.com.br\/loja\/wp-json\/wp\/v2\/types\/product"}],"wp:featuredmedia":[{"embeddable":true,"href":"https:\/\/mistersates-import.com.br\/loja\/wp-json\/wp\/v2\/media\/12502"}],"wp:attachment":[{"href":"https:\/\/mistersates-import.com.br\/loja\/wp-json\/wp\/v2\/media?parent=12496"}],"curies":[{"name":"wp","href":"https:\/\/api.w.org\/{rel}","templated":true}]}}