{"id":12505,"date":"2021-06-20T22:47:43","date_gmt":"2021-06-21T01:47:43","guid":{"rendered":"http:\/\/mistersates-import.com.br\/loja\/?post_type=product&#038;p=12505"},"modified":"2026-04-16T21:14:37","modified_gmt":"2026-04-17T00:14:37","slug":"medidor-de-ph-80-fitas-papel-teste-liquido-agua-piscina","status":"publish","type":"product","link":"https:\/\/mistersates-import.com.br\/loja\/product\/medidor-de-ph-80-fitas-papel-teste-liquido-agua-piscina\/","title":{"rendered":"Medidor De Ph 80 Fitas, Papel, Teste, L\u00edquido, \u00c1gua, Piscina"},"content":{"rendered":"<p>Fitas Medidoras de PH &#8211; Para caldas, cervejas, mosto, \u00e1gua, adubos, defensivos, misturas para ind\u00fastria qu\u00edmica, esgoto, piscina, aqu\u00e1rio e muito mais<\/p>\n<p>Informa\u00e7\u00f5es:<\/p>\n<p>Escala de medi\u00e7\u00e3o varia de 1 a 14<br \/>\n1-3 : Indica subst\u00e2ncia muito \u00e1cida<br \/>\n4-6 : Indica subst\u00e2ncia \u00e1cida<br \/>\n7 : Indica subst\u00e2ncia neutro<br \/>\n8-11 : Indica subst\u00e2ncia Alcalina<br \/>\n12-14 : Indica um n\u00edvel muito elevado de alcalinidade<\/p>\n<p>Modo de usar:<\/p>\n<p>Pressione ou mergulhe a tira de teste sobre o l\u00edquido por 15 segundos. Tire o papel e usando a cartela de cores inclu\u00eddo, compare a mudan\u00e7a de cor do papel para descobrir o n\u00edvel de acidez.<br \/>\nN\u00e3o pode indicar a solu\u00e7\u00e3o de \u00e1cido ou alcalino quando sua densidade foi menor que 0,01%.<br \/>\nAs mudan\u00e7as de cor de tira de teste devem ser combinadas com a carta de cor de escala de pH em aproximadamente 15 segundos<br \/>\nTamanho: 7 cm x 4,5 cm<\/p>\n<p>Itens enviados:<\/p>\n<p>1 x cartela com 80 fita<\/p>\n<div style=\"width: 940px;\" class=\"wp-video\"><!--[if lt IE 9]><script>document.createElement('video');<\/script><![endif]-->\n<video class=\"wp-video-shortcode\" id=\"video-12505-1\" width=\"940\" height=\"529\" preload=\"metadata\" controls=\"controls\"><source type=\"video\/mp4\" src=\"https:\/\/mistersates-import.com.br\/loja\/wp-content\/uploads\/2021\/06\/fita-medidora-ph-fita-teste-PH.mp4?_=1\" \/><a href=\"https:\/\/mistersates-import.com.br\/loja\/wp-content\/uploads\/2021\/06\/fita-medidora-ph-fita-teste-PH.mp4\">https:\/\/mistersates-import.com.br\/loja\/wp-content\/uploads\/2021\/06\/fita-medidora-ph-fita-teste-PH.mp4<\/a><\/video><\/div>\n","protected":false},"excerpt":{"rendered":"<p>Fitas Medidoras de PH &#8211; Para caldas, cervejas, mosto, \u00e1gua, adubos, defensivos, misturas para ind\u00fastria qu\u00edmica, esgoto, piscina, aqu\u00e1rio e muito mais<\/p>\n","protected":false},"featured_media":12506,"template":"","meta":{"_joinchat":[]},"_links":{"self":[{"href":"https:\/\/mistersates-import.com.br\/loja\/wp-json\/wp\/v2\/product\/12505"}],"collection":[{"href":"https:\/\/mistersates-import.com.br\/loja\/wp-json\/wp\/v2\/product"}],"about":[{"href":"https:\/\/mistersates-import.com.br\/loja\/wp-json\/wp\/v2\/types\/product"}],"wp:featuredmedia":[{"embeddable":true,"href":"https:\/\/mistersates-import.com.br\/loja\/wp-json\/wp\/v2\/media\/12506"}],"wp:attachment":[{"href":"https:\/\/mistersates-import.com.br\/loja\/wp-json\/wp\/v2\/media?parent=12505"}],"curies":[{"name":"wp","href":"https:\/\/api.w.org\/{rel}","templated":true}]}}