{"id":12515,"date":"2021-06-20T23:05:51","date_gmt":"2021-06-21T02:05:51","guid":{"rendered":"http:\/\/mistersates-import.com.br\/loja\/?post_type=product&#038;p=12515"},"modified":"2024-03-15T18:19:10","modified_gmt":"2024-03-15T21:19:10","slug":"adaptador-micro-usb-v8-usb-cartao-sd-micro-sd-otg","status":"publish","type":"product","link":"https:\/\/mistersates-import.com.br\/loja\/product\/adaptador-micro-usb-v8-usb-cartao-sd-micro-sd-otg\/","title":{"rendered":"Adaptador Micro Usb V8 Usb Cart\u00e3o Sd Micro Sd Otg"},"content":{"rendered":"<p><strong>FAVOR PERGUNTAR ANTES DE FAZER O PEDIDO A COR QUE TEMOS DISPON\u00cdVEL. NO MOMENTO.<\/strong><\/p>\n<p>&nbsp;<\/p>\n<p>Leitor de cart\u00e3o USB + OTG Micro USB (V8) LE-5555 &#8211; It-Blue<\/p>\n<p>Entradas: Cart\u00e3o SD, Micro SD, USB (Macho) e MicroUSB V8 (macho).<br \/>\n&#8211; Adaptador OTG MicroUSB V8.<br \/>\n&#8211; Compat\u00edvel com sistema Android.<br \/>\n&#8211; Fun\u00e7\u00e3o: Leitor e HUB USB.<br \/>\n&#8211; Cores: Branco, preto.<br \/>\n&#8211; Modelo: LE-5555.<br \/>\n&#8211; Marca: It-Blue.<\/p>\n<p>Ideal para transferir imagens de um celular para computador ou executar v\u00eddeos do cart\u00e3o de mem\u00f3ria direto do celular.<\/p>\n","protected":false},"excerpt":{"rendered":"<p>Leitor de cart\u00e3o USB + OTG Micro USB (V8) LE-5555 &#8211; It-Blue<\/p>\n","protected":false},"featured_media":15695,"template":"","meta":{"_joinchat":[]},"_links":{"self":[{"href":"https:\/\/mistersates-import.com.br\/loja\/wp-json\/wp\/v2\/product\/12515"}],"collection":[{"href":"https:\/\/mistersates-import.com.br\/loja\/wp-json\/wp\/v2\/product"}],"about":[{"href":"https:\/\/mistersates-import.com.br\/loja\/wp-json\/wp\/v2\/types\/product"}],"wp:featuredmedia":[{"embeddable":true,"href":"https:\/\/mistersates-import.com.br\/loja\/wp-json\/wp\/v2\/media\/15695"}],"wp:attachment":[{"href":"https:\/\/mistersates-import.com.br\/loja\/wp-json\/wp\/v2\/media?parent=12515"}],"curies":[{"name":"wp","href":"https:\/\/api.w.org\/{rel}","templated":true}]}}