{"id":12519,"date":"2021-06-20T23:16:08","date_gmt":"2021-06-21T02:16:08","guid":{"rendered":"http:\/\/mistersates-import.com.br\/loja\/?post_type=product&#038;p=12519"},"modified":"2025-09-05T15:14:44","modified_gmt":"2025-09-05T18:14:44","slug":"mini-microfone-lapela-3-5mm-stereo-youtubers-pronta-entrega","status":"publish","type":"product","link":"https:\/\/mistersates-import.com.br\/loja\/product\/mini-microfone-lapela-3-5mm-stereo-youtubers-pronta-entrega\/","title":{"rendered":"Mini Microfone Lapela 3.5mm St\u00e9reo Youtubers Pronta Entrega"},"content":{"rendered":"<p>O produto n\u00e3o oferece suporte para celular. Por favor, saiba isso antes de fazer o pedido.<\/p>\n<p>PARA USAR EM CELULAR PRECISA DE UM ADAPTADOR Y<\/p>\n<p>Descri\u00e7\u00e3o:<\/p>\n<p>-Produto Novo<br \/>\n-Alta Qualidade<br \/>\n-N\u00e3o tem necessidade de adaptador para PC ou Notebook que tem a entrada P2 exclusiva para Microfone.<br \/>\n&#8211; Funciona em Mesa de Som, C\u00e2mera como Go Pro, Celular, Gravador, sem adaptador na entrada P2 exclusiva para Microfone.<\/p>\n<p>ATEN\u00c7\u00c3O:<\/p>\n<p>-Este Microfone s\u00f3 funciona em Celulares Android com o Adaptador P2xP3.<br \/>\n-Este Microfone s\u00f3 funciona no Iphone 6s ou inferior com o Adaptador P2xP3<br \/>\n-Este Microfone n\u00e3o \u00e9 recomendado utilizar em modelos de Iphone 7 em diante, porque ter\u00e1 que usar 2 adaptadores e perder\u00e1 a qualidade de som do Microfone<br \/>\n-Alguns Notebooks exigem o uso de um Adaptador Para funcionar o Microfone.<\/p>\n<p>Microfone preto port\u00e1til estilo moderno para pc computador<br \/>\nO design pequeno e compacto permite prend\u00ea-lo facilmente \u00e0 sua camisa, gravata ou bolso<br \/>\nComunica\u00e7\u00e3o viva-voz<br \/>\nDesign de moda e leve<br \/>\nTrabalhe com todas as multim\u00eddia<br \/>\nIdeal para telefone de internet<br \/>\nFaixa de frequ\u00eancia: 100-20khz<br \/>\nImped\u00e2ncia: 32ohms\/1khz<br \/>\nSensibilidade:-52db\/-5db<br \/>\nComprimento do cabo: cerca de 1.5m<br \/>\nCor: preto<\/p>\n<p>O pacote inclui:<br \/>\n1 x mini microfone<\/p>\n","protected":false},"excerpt":{"rendered":"<p>O produto n\u00e3o oferece suporte para celular. Por favor, saiba isso antes de fazer o pedido.<\/p>\n<p>PARA USAR EM CELULAR PRECISA DE UM ADAPTADOR Y<\/p>\n<p>Descri\u00e7\u00e3o:<\/p>\n<p>-Produto Novo<br \/>\n-Alta Qualidade<br \/>\n-N\u00e3o tem necessidade de adaptador para PC ou Notebook que tem a entrada P2 exclusiva para Microfone.<br \/>\n&#8211; Funciona em Mesa de Som, C\u00e2mera como Go Pro, Celular, Gravador, sem adaptador na entrada P2 exclusiva para Microfone.<\/p>\n<p>ATEN\u00c7\u00c3O:<\/p>\n<p>-Este Microfone s\u00f3 funciona em Celulares Android com o Adaptador P2xP3.<br \/>\n-Este Microfone s\u00f3 funciona no Iphone 6s ou inferior com o Adaptador P2xP3<br \/>\n-Este Microfone n\u00e3o \u00e9 recomendado utilizar em modelos de Iphone 7 em diante, porque ter\u00e1 que usar 2 adaptadores e perder\u00e1 a qualidade de som do Microfone<br \/>\n-Alguns Notebooks exigem o uso de um Adaptador Para funcionar o Microfone.<\/p>\n<p>Microfone preto port\u00e1til estilo moderno para pc computador<br \/>\nO design pequeno e compacto permite prend\u00ea-lo facilmente \u00e0 sua camisa, gravata ou bolso<br \/>\nComunica\u00e7\u00e3o viva-voz<br \/>\nDesign de moda e leve<br \/>\nTrabalhe com todas as multim\u00eddia<br \/>\nIdeal para telefone de internet<br \/>\nFaixa de frequ\u00eancia: 100-20khz<br \/>\nImped\u00e2ncia: 32ohms\/1khz<br \/>\nSensibilidade:-52db\/-5db<br \/>\nComprimento do cabo: cerca de 1.5m<br \/>\nCor: preto<\/p>\n<p>O pacote inclui:<br \/>\n1 x mini microfone<\/p>\n","protected":false},"featured_media":15011,"template":"","meta":{"_joinchat":[]},"_links":{"self":[{"href":"https:\/\/mistersates-import.com.br\/loja\/wp-json\/wp\/v2\/product\/12519"}],"collection":[{"href":"https:\/\/mistersates-import.com.br\/loja\/wp-json\/wp\/v2\/product"}],"about":[{"href":"https:\/\/mistersates-import.com.br\/loja\/wp-json\/wp\/v2\/types\/product"}],"wp:featuredmedia":[{"embeddable":true,"href":"https:\/\/mistersates-import.com.br\/loja\/wp-json\/wp\/v2\/media\/15011"}],"wp:attachment":[{"href":"https:\/\/mistersates-import.com.br\/loja\/wp-json\/wp\/v2\/media?parent=12519"}],"curies":[{"name":"wp","href":"https:\/\/api.w.org\/{rel}","templated":true}]}}