{"id":12525,"date":"2021-06-20T23:22:25","date_gmt":"2021-06-21T02:22:25","guid":{"rendered":"http:\/\/mistersates-import.com.br\/loja\/?post_type=product&#038;p=12525"},"modified":"2025-03-03T16:25:41","modified_gmt":"2025-03-03T19:25:41","slug":"mini-tripe-universal-aluminio-suporte-para-celular-e-cameras","status":"publish","type":"product","link":"https:\/\/mistersates-import.com.br\/loja\/product\/mini-tripe-universal-aluminio-suporte-para-celular-e-cameras\/","title":{"rendered":"Mini Trip\u00e9 Universal Alum\u00ednio Suporte Para Celular E C\u00e2meras"},"content":{"rendered":"<p>&#8211; Leve, port\u00e1til e vers\u00e1til<br \/>\n&#8211; Cabe\u00e7a rotativa com encaixe na posi\u00e7\u00e3o vertical<br \/>\n&#8211; Base extens\u00edvel em 2 est\u00e1gios<br \/>\n&#8211; P\u00e9s ante derrapantes<br \/>\n&#8211; Altura fechado: 12,5cm<br \/>\n&#8211; Altura aberto: 17,7 cm<br \/>\n&#8211; Composi\u00e7\u00e3o: ABS e alum\u00ednio<br \/>\n&#8211; cabe\u00e7a girat\u00f3ria at\u00e9 360\u00ba<br \/>\n&#8211; Inclina\u00e7\u00e3o de 90\u00ba<\/p>\n<p>Inclui:<\/p>\n<p>1 Mini Trip\u00e9 de alum\u00ednio<br \/>\n+ BRINDE Suporte Universal<\/p>\n","protected":false},"excerpt":{"rendered":"<p>&#8211; Leve, port\u00e1til e vers\u00e1til<br \/>\n&#8211; Cabe\u00e7a rotativa com encaixe na posi\u00e7\u00e3o vertical<br \/>\n&#8211; Base extens\u00edvel em 2 est\u00e1gios<br \/>\n&#8211; P\u00e9s ante derrapantes<br \/>\n&#8211; Altura fechado: 12,5cm<br \/>\n&#8211; Altura aberto: 17,7 cm<br \/>\n&#8211; Composi\u00e7\u00e3o: ABS e alum\u00ednio<br \/>\n&#8211; cabe\u00e7a girat\u00f3ria at\u00e9 360\u00ba<br \/>\n&#8211; Inclina\u00e7\u00e3o de 90\u00ba<\/p>\n<p>Inclui:<\/p>\n<p>1 Mini Trip\u00e9 de alum\u00ednio<br \/>\n+ BRINDE Suporte Universal<\/p>\n","protected":false},"featured_media":12527,"template":"","meta":{"_joinchat":[]},"_links":{"self":[{"href":"https:\/\/mistersates-import.com.br\/loja\/wp-json\/wp\/v2\/product\/12525"}],"collection":[{"href":"https:\/\/mistersates-import.com.br\/loja\/wp-json\/wp\/v2\/product"}],"about":[{"href":"https:\/\/mistersates-import.com.br\/loja\/wp-json\/wp\/v2\/types\/product"}],"wp:featuredmedia":[{"embeddable":true,"href":"https:\/\/mistersates-import.com.br\/loja\/wp-json\/wp\/v2\/media\/12527"}],"wp:attachment":[{"href":"https:\/\/mistersates-import.com.br\/loja\/wp-json\/wp\/v2\/media?parent=12525"}],"curies":[{"name":"wp","href":"https:\/\/api.w.org\/{rel}","templated":true}]}}