{"id":12538,"date":"2021-06-22T12:06:15","date_gmt":"2021-06-22T15:06:15","guid":{"rendered":"http:\/\/mistersates-import.com.br\/loja\/?post_type=product&#038;p=12538"},"modified":"2026-04-06T10:46:16","modified_gmt":"2026-04-06T13:46:16","slug":"parafuso-longo-com-porca-gopro-sjcam-xiaomi","status":"publish","type":"product","link":"https:\/\/mistersates-import.com.br\/loja\/product\/parafuso-longo-com-porca-gopro-sjcam-xiaomi\/","title":{"rendered":"Parafuso Longo com Porca &#8211; GoPro SJCAM Xiaomi"},"content":{"rendered":"<p>Compat\u00edvel com c\u00e2meras de a\u00e7\u00e3o e esportes, utilizado na montagem e fixa\u00e7\u00e3o.<\/p>\n<p>Caracter\u00edsticas:<\/p>\n<p>100% novo e de boa qualidade<br \/>\nMaterial: Pl\u00e1stico<br \/>\nCor: Preto<br \/>\nQuantidade: 1 pe\u00e7as<\/p>\n","protected":false},"excerpt":{"rendered":"<p>Compat\u00edvel com c\u00e2meras de a\u00e7\u00e3o e esportes, utilizado na montagem e fixa\u00e7\u00e3o.<\/p>\n<p>Caracter\u00edsticas:<\/p>\n<p>100% novo e de boa qualidade<br \/>\nMaterial: Pl\u00e1stico<br \/>\nCor: Preto<br \/>\nQuantidade: 1 pe\u00e7as<\/p>\n","protected":false},"featured_media":18154,"template":"","meta":{"_joinchat":[]},"_links":{"self":[{"href":"https:\/\/mistersates-import.com.br\/loja\/wp-json\/wp\/v2\/product\/12538"}],"collection":[{"href":"https:\/\/mistersates-import.com.br\/loja\/wp-json\/wp\/v2\/product"}],"about":[{"href":"https:\/\/mistersates-import.com.br\/loja\/wp-json\/wp\/v2\/types\/product"}],"wp:featuredmedia":[{"embeddable":true,"href":"https:\/\/mistersates-import.com.br\/loja\/wp-json\/wp\/v2\/media\/18154"}],"wp:attachment":[{"href":"https:\/\/mistersates-import.com.br\/loja\/wp-json\/wp\/v2\/media?parent=12538"}],"curies":[{"name":"wp","href":"https:\/\/api.w.org\/{rel}","templated":true}]}}