{"id":12549,"date":"2021-06-22T18:30:42","date_gmt":"2021-06-22T21:30:42","guid":{"rendered":"http:\/\/mistersates-import.com.br\/loja\/?post_type=product&#038;p=12549"},"modified":"2025-12-27T13:12:25","modified_gmt":"2025-12-27T16:12:25","slug":"afiador-amolador-pedra-de-amolar-afiar-faca-japonesa-cutelaria-artesanal-para-kit-de-afiacao-ruixin-afidor-portatil-profissional","status":"publish","type":"product","link":"https:\/\/mistersates-import.com.br\/loja\/product\/afiador-amolador-pedra-de-amolar-afiar-faca-japonesa-cutelaria-artesanal-para-kit-de-afiacao-ruixin-afidor-portatil-profissional\/","title":{"rendered":"Afiador Amolador Pedra de Amolar Afiar Faca Japonesa Cutelaria Artesanal para Kit de Afia\u00e7\u00e3o Ruixin Afidor Port\u00e1til PROFISSIONAL"},"content":{"rendered":"<p>Pedras De Afiar Faca Profissional Japonesa 60 ATE 10000<\/p>\n<p>Descri\u00e7\u00e3o:<\/p>\n<p>Pedras De Afiar Faca Profissional Navalha Profissional<\/p>\n<p>TEMOS DIVERSAS GRAMATURAS<\/p>\n<p>Caracter\u00edstica: Pedra fixa em base de pl\u00e1stico r\u00edgido<br \/>\nDimens\u00f5es: 150 mm \/ 20 mm \/ 5 mm<br \/>\nMaterial: pedra Natural<\/p>\n<p>Especifica\u00e7\u00f5es:<br \/>\nPedra de gr\u00e3o desgaste ajuste fio de navalha para acima de 25 a 30 graus<\/p>\n<p>instru\u00e7\u00e3o:<br \/>\n1. Mergulhe a pedra de afiar em \u00e1gua (\u00e1gua salgada \u00e9 melhor) para 15 minutos antes de usar.<br \/>\n2. Use o #1000 grit pedra para moagem grossa, use o #3000 e #5000 grit pedras para moagem fina.<br \/>\n3. Afia\u00e7\u00e3o de l\u00e2minas em um 10 ~ 20 graus de \u00e2ngulo iria chegar a um melhor efeito.<br \/>\n4. Ap\u00f3s a nitidez, limpar a pedra com um pano \u00famido ou \u00e1gua, seque-a.<\/p>\n<p>Conte\u00fado do pacote:<br \/>\n1 Pedra de amolar gr\u00e3o<\/p>\n<p>Condi\u00e7\u00e3o: Novo<\/p>\n<p>Pedra Amolar Afiar Faca Japonesa Cutelaria Ruixin Port\u00e1til<\/p>\n","protected":false},"excerpt":{"rendered":"<p>TEMOS DIVERSAS GRAMATURAS<\/p>\n<p>Caracter\u00edstica: Pedra fixa em base de pl\u00e1stico r\u00edgido<br \/>\nDimens\u00f5es: 150 mm \/ 20 mm \/ 5 mm<br \/>\nMaterial: pedra Natural<\/p>\n","protected":false},"featured_media":12547,"template":"","meta":{"_joinchat":[]},"_links":{"self":[{"href":"https:\/\/mistersates-import.com.br\/loja\/wp-json\/wp\/v2\/product\/12549"}],"collection":[{"href":"https:\/\/mistersates-import.com.br\/loja\/wp-json\/wp\/v2\/product"}],"about":[{"href":"https:\/\/mistersates-import.com.br\/loja\/wp-json\/wp\/v2\/types\/product"}],"wp:featuredmedia":[{"embeddable":true,"href":"https:\/\/mistersates-import.com.br\/loja\/wp-json\/wp\/v2\/media\/12547"}],"wp:attachment":[{"href":"https:\/\/mistersates-import.com.br\/loja\/wp-json\/wp\/v2\/media?parent=12549"}],"curies":[{"name":"wp","href":"https:\/\/api.w.org\/{rel}","templated":true}]}}