{"id":12641,"date":"2021-06-23T17:52:42","date_gmt":"2021-06-23T20:52:42","guid":{"rendered":"https:\/\/mistersates-import.com.br\/loja\/?post_type=product&#038;p=12641"},"modified":"2025-01-15T12:17:52","modified_gmt":"2025-01-15T15:17:52","slug":"adaptador-placa-de-som-externa-usb-2-0-canais-7-1-4-portas","status":"publish","type":"product","link":"https:\/\/mistersates-import.com.br\/loja\/product\/adaptador-placa-de-som-externa-usb-2-0-canais-7-1-4-portas\/","title":{"rendered":"Adaptador Placa De Som Externa Usb 2.0 Canais 7.1 4 Portas"},"content":{"rendered":"<p>Excelente op\u00e7\u00e3o para substituir uma placa de som defeituosa ou como uma segunda placa de som para o seu Notebook ou Computador Desktop.<\/p>\n<p>OBS: AO INSTALAR O ADAPTADOR N\u00c3O COLOCAR PR\u00d3XIMO A EQUIPAMENTOS DE SINAL WIFI OU BLUETOOTH DEVIDO A POSS\u00cdVEL INTERFER\u00caNCIA , GERANDO RU\u00cdDO NO FONE .<\/p>\n<p>Compacto, port\u00e1til e f\u00e1cil de carregar, o adaptador de som USB \u00e9 totalmente plug and play, descartando a necessidade de CD de instala\u00e7\u00e3o. N\u00e3o requer a instala\u00e7\u00e3o de nenhum driver e n\u00e3o necessita de fonte de energia externa.<br \/>\nEspecifica\u00e7\u00f5es<br \/>\n\u2022 Interface USB 2.0<br \/>\n\u2022 Compat\u00edvel com USB 2.0 Full Speed (12 Mbps)<br \/>\n\u2022 Plug and Play (s\u00f3 plugar e come\u00e7ar a usar). N\u00e3o necessita de driver para instala\u00e7\u00e3o.<br \/>\n\u2022 Amplia seu alto-falante ou fone de ouvido est\u00e9reo com canais surround 7.1<br \/>\n\u2022 Funciona em qualquer desktop ou notebook, alimentado via USB<br \/>\n\u2022 Possui teclas de fun\u00e7\u00f5es: Ativar\/Desativar microfone, Ativar\/Desativar alto-falante<br \/>\n\u2022 Compacto, port\u00e1til e f\u00e1cil de carregar<br \/>\n\u2022 Entrada para microfone e fone de ouvido padr\u00e3o 3.5mm<br \/>\n\u2022 Compat\u00edvel com Windows, Mac, Linux<\/p>\n","protected":false},"excerpt":{"rendered":"<p>100% novo e de alta qualidade.<\/p>\n<p>Adicione um som surround virtual de 7.1 canais ao seu computador com este adaptador<\/p>\n<p>Plug &amp; play e f\u00e1cil de usar<\/p>\n<p>Requer para windows 98se, me, xp, vista, 7, servidor 2003, servidor 2008; linux. Deve usar uma porta usb 2.0<\/p>\n<p>Plug &amp; play, nenhum driver necess\u00e1rio<\/p>\n<p>Use com desktop, notebook, windows ou linux<\/p>\n","protected":false},"featured_media":15704,"template":"","meta":{"_joinchat":[]},"_links":{"self":[{"href":"https:\/\/mistersates-import.com.br\/loja\/wp-json\/wp\/v2\/product\/12641"}],"collection":[{"href":"https:\/\/mistersates-import.com.br\/loja\/wp-json\/wp\/v2\/product"}],"about":[{"href":"https:\/\/mistersates-import.com.br\/loja\/wp-json\/wp\/v2\/types\/product"}],"wp:featuredmedia":[{"embeddable":true,"href":"https:\/\/mistersates-import.com.br\/loja\/wp-json\/wp\/v2\/media\/15704"}],"wp:attachment":[{"href":"https:\/\/mistersates-import.com.br\/loja\/wp-json\/wp\/v2\/media?parent=12641"}],"curies":[{"name":"wp","href":"https:\/\/api.w.org\/{rel}","templated":true}]}}