{"id":12652,"date":"2021-06-23T18:10:07","date_gmt":"2021-06-23T21:10:07","guid":{"rendered":"https:\/\/mistersates-import.com.br\/loja\/?post_type=product&#038;p=12652"},"modified":"2023-10-03T13:24:21","modified_gmt":"2023-10-03T16:24:21","slug":"presilha-de-microfone-de-lapela-filmadora-gravador-professor","status":"publish","type":"product","link":"https:\/\/mistersates-import.com.br\/loja\/product\/presilha-de-microfone-de-lapela-filmadora-gravador-professor\/","title":{"rendered":"Presilha De Microfone De Lapela Filmadora Gravador Professor"},"content":{"rendered":"<p>Discri\u00e7\u00e3o do produto<\/p>\n<p>Fabricado em pl\u00e1stico de alta densidade<br \/>\nAlta resist\u00eancia \u00e1 esfor\u00e7o mec\u00e2nico<br \/>\nMola em a\u00e7o inox<br \/>\nPassador para fio simples ou paralelo<br \/>\nSuporte direcional em 360\u00b0<br \/>\nMordedor anti-deslizamento<br \/>\nDispon\u00edvel somente na cor preta<br \/>\nPronta entrega<\/p>\n<p>Incluso:<\/p>\n<p>1 &#8211; Presilha pl\u00e1stico<\/p>\n","protected":false},"excerpt":{"rendered":"<p>Fabricado em pl\u00e1stico de alta densidade<br \/>\nAlta resist\u00eancia \u00e1 esfor\u00e7o mec\u00e2nico<br \/>\nMola em a\u00e7o inox<br \/>\nPassador para fio simples ou paralelo<br \/>\nSuporte direcional em 360\u00b0<br \/>\nMordedor anti-deslizamento<br \/>\nDispon\u00edvel somente na cor preta<br \/>\nPronta entrega<\/p>\n<p>Incluso:<\/p>\n<p>1 &#8211; Presilha pl\u00e1stico<\/p>\n","protected":false},"featured_media":12657,"template":"","meta":{"_joinchat":[]},"_links":{"self":[{"href":"https:\/\/mistersates-import.com.br\/loja\/wp-json\/wp\/v2\/product\/12652"}],"collection":[{"href":"https:\/\/mistersates-import.com.br\/loja\/wp-json\/wp\/v2\/product"}],"about":[{"href":"https:\/\/mistersates-import.com.br\/loja\/wp-json\/wp\/v2\/types\/product"}],"wp:featuredmedia":[{"embeddable":true,"href":"https:\/\/mistersates-import.com.br\/loja\/wp-json\/wp\/v2\/media\/12657"}],"wp:attachment":[{"href":"https:\/\/mistersates-import.com.br\/loja\/wp-json\/wp\/v2\/media?parent=12652"}],"curies":[{"name":"wp","href":"https:\/\/api.w.org\/{rel}","templated":true}]}}