{"id":12658,"date":"2021-06-23T18:25:05","date_gmt":"2021-06-23T21:25:05","guid":{"rendered":"https:\/\/mistersates-import.com.br\/loja\/?post_type=product&#038;p=12658"},"modified":"2023-06-01T10:44:01","modified_gmt":"2023-06-01T13:44:01","slug":"ps4-circuito-placa-fita-verde-flex-dualshock-4-controle","status":"publish","type":"product","link":"https:\/\/mistersates-import.com.br\/loja\/product\/ps4-circuito-placa-fita-verde-flex-dualshock-4-controle\/","title":{"rendered":"Ps4 Circuito Placa Fita Verde Flex Dualshock 4 Controle"},"content":{"rendered":"<p><strong>S\u00d3 VAI SERVIR NESTE MODELO JDS-001 JDS-011<\/strong><\/p>\n<p>&nbsp;<\/p>\n<p>Fita flex \/ circuito para controle dualshock 4<\/p>\n<p>Para substitui\u00e7\u00e3o em controles defeituosos<\/p>\n<p>Compatibilidade: Controle dualshock 4<\/p>\n<p>Especifica\u00e7\u00f5es: Type H Model 133S<\/p>\n<p>Fita flex \/ circuito para controle dualshock 4<\/p>\n<p>Para substitui\u00e7\u00e3o em controles defeituosos<\/p>\n<p>PRODUTO NOVO<\/p>\n<p>Compatibilidade: Controle dualshock<\/p>\n<p>Especifica\u00e7\u00f5es: Type H Model 133S<\/p>\n<p>JDS-001 JDS-011<\/p>\n<p>Caracter\u00edsticas:<br \/>\nPor favor, confirme que este item \u00e9 o modelo certo que voc\u00ea precisa antes de fazer o pedido.<br \/>\nEste artigo vem com nenhum manual, nenhum guia de instru\u00e7\u00f5es, nenhum guia de v\u00eddeo. Habilidade de instala\u00e7\u00e3o profissional \u00e9 necess\u00e1ria.<br \/>\nPara garantir que todas as pe\u00e7as de reposi\u00e7\u00e3o est\u00e3o em boas condi\u00e7\u00f5es, n\u00f3s testamos antes do envio.<br \/>\nN\u00e3o nos responsabilizamos por danos causados por este item por sua instala\u00e7\u00e3o errada ou por sua compra errada.<\/p>\n<p>Especifica\u00e7\u00f5es:<br \/>\nTamanho: 140*110*10mm<br \/>\nMaterial: pl\u00e1stico<br \/>\nCores: verde<br \/>\nModelo: JDS-001\/JDS-011<\/p>\n<p>Pacote inclui:<br \/>\n1 * Pel\u00edcula condutora<\/p>\n<p>Notas:<br \/>\n1. devido \u00e0 diferen\u00e7a entre monitores, a imagem pode n\u00e3o refletir a cor real do item. Garantimos que o estilo \u00e9 o mesmo que mostrado nas fotos.<br \/>\n2. devido \u00e0 medi\u00e7\u00e3o manual e aos diferentes m\u00e9todos de medi\u00e7\u00e3o, permita um desvio de 1-3cm. obrigado!<\/p>\n","protected":false},"excerpt":{"rendered":"<p><strong>S\u00d3 VAI SERVIR NESTE MODELO JDS-001 JDS-011<\/strong><\/p>\n<p>Fita flex \/ circuito para controle dualshock 4<\/p>\n<p>Para substitui\u00e7\u00e3o em controles defeituosos<\/p>\n<p>Compatibilidade: Controle dualshock 4<\/p>\n<p>Especifica\u00e7\u00f5es: Type H Model 133S<\/p>\n<p>Fita flex \/ circuito para controle dualshock 4<\/p>\n<p>Para substitui\u00e7\u00e3o em controles defeituosos<\/p>\n","protected":false},"featured_media":12659,"template":"","meta":{"_joinchat":[]},"_links":{"self":[{"href":"https:\/\/mistersates-import.com.br\/loja\/wp-json\/wp\/v2\/product\/12658"}],"collection":[{"href":"https:\/\/mistersates-import.com.br\/loja\/wp-json\/wp\/v2\/product"}],"about":[{"href":"https:\/\/mistersates-import.com.br\/loja\/wp-json\/wp\/v2\/types\/product"}],"wp:featuredmedia":[{"embeddable":true,"href":"https:\/\/mistersates-import.com.br\/loja\/wp-json\/wp\/v2\/media\/12659"}],"wp:attachment":[{"href":"https:\/\/mistersates-import.com.br\/loja\/wp-json\/wp\/v2\/media?parent=12658"}],"curies":[{"name":"wp","href":"https:\/\/api.w.org\/{rel}","templated":true}]}}