{"id":12665,"date":"2021-06-23T18:40:53","date_gmt":"2021-06-23T21:40:53","guid":{"rendered":"https:\/\/mistersates-import.com.br\/loja\/?post_type=product&#038;p=12665"},"modified":"2026-01-04T17:43:37","modified_gmt":"2026-01-04T20:43:37","slug":"suporte-capacete-ventilado-gopro-1-2-3-3-4-5-6-sportcam-sj-todas","status":"publish","type":"product","link":"https:\/\/mistersates-import.com.br\/loja\/product\/suporte-capacete-ventilado-gopro-1-2-3-3-4-5-6-sportcam-sj-todas\/","title":{"rendered":"Suporte Capacete Ventilado Gopro 1 2 3 3+ 4 5 6 Sportcam SJ Todas"},"content":{"rendered":"<p>Cinta \/ al\u00e7a para capacete ventilado.<\/p>\n<p>Suporte Capacete Ventilado Gopro 1 2 3 3+ 4 5 6 Sportcam SJ Todas<\/p>\n<p>Pratico para instalar e remover, pois sua al\u00e7a \u00e9 ajust\u00e1vel.<br \/>\nCompat\u00edvel com GoPro Her\u00f3i 1\/2\/3\/3 +\/4 5 6 7 8 &#8211; Xaomi Yi e demais c\u00e2meras e a\u00e7\u00e3o com o mesmo tipo de ancoragem.<\/p>\n<p>Especifica\u00e7\u00f5es:<br \/>\nMaterial: Nylon, pl\u00e1stico<br \/>\nCor: Preto<br \/>\nComprimento: Aprox. 26 cm<br \/>\nPeso l\u00edquido: 19g<\/p>\n","protected":false},"excerpt":{"rendered":"<p>Cinta\/al\u00e7a para capacete ventilado.<\/p>\n<p>Suporte Capacete Ventilado Gopro 1 2 3 3+ 4 5 6 Sportcam SJ Todas<\/p>\n<p>Pratico para instalar e remover, pois sua al\u00e7a \u00e9 ajust\u00e1vel.<br \/>\nCompat\u00edvel com GoPro Her\u00f3i 1\/2\/3\/3 +\/4 5 6 7 8 &#8211; Xaomi Yi e demais c\u00e2meras e a\u00e7\u00e3o com o mesmo tipo de ancoragem.<\/p>\n<p>Especifica\u00e7\u00f5es:<br \/>\nMaterial: Nylon, pl\u00e1stico<br \/>\nCor: Preto<br \/>\nComprimento: Aprox. 26 cm<br \/>\nPeso l\u00edquido: 19g<\/p>\n","protected":false},"featured_media":12666,"template":"","meta":{"_joinchat":[]},"_links":{"self":[{"href":"https:\/\/mistersates-import.com.br\/loja\/wp-json\/wp\/v2\/product\/12665"}],"collection":[{"href":"https:\/\/mistersates-import.com.br\/loja\/wp-json\/wp\/v2\/product"}],"about":[{"href":"https:\/\/mistersates-import.com.br\/loja\/wp-json\/wp\/v2\/types\/product"}],"wp:featuredmedia":[{"embeddable":true,"href":"https:\/\/mistersates-import.com.br\/loja\/wp-json\/wp\/v2\/media\/12666"}],"wp:attachment":[{"href":"https:\/\/mistersates-import.com.br\/loja\/wp-json\/wp\/v2\/media?parent=12665"}],"curies":[{"name":"wp","href":"https:\/\/api.w.org\/{rel}","templated":true}]}}