{"id":12676,"date":"2021-06-24T12:26:47","date_gmt":"2021-06-24T15:26:47","guid":{"rendered":"https:\/\/mistersates-import.com.br\/loja\/?post_type=product&#038;p=12676"},"modified":"2025-02-26T14:36:36","modified_gmt":"2025-02-26T17:36:36","slug":"suporte-com-ventosa-p-cameras-fotografica-gopro-e-celulares","status":"publish","type":"product","link":"https:\/\/mistersates-import.com.br\/loja\/product\/suporte-com-ventosa-p-cameras-fotografica-gopro-e-celulares\/","title":{"rendered":"Suporte Com Ventosa P\/C\u00e2meras Fotografica, Gopro e Celulares"},"content":{"rendered":"<p>O suporte ventosa adere firmemente ai caixa da c\u00e2mera em ve\u00edculos, janelas, tanque de combust\u00edvel, barcos, caiaque. Perfeito para motorsports.<\/p>\n<p>Sua constru\u00e7\u00e3o permite ser utilizado em todos os modelos HD HERO 1, HD HERO2 e HD HERO3, HERO 3+, HERO 4, HERO5, HERO 6, HERO 7, HERO 8 E HERO 9\u00a0 Profissional e tamb\u00e9m todas as demais c\u00e2meras de encaixe universal de parafuso 1\/4.<\/p>\n<p>Inclu\u00eddo no Pacote:<\/p>\n<p>1 x Suporte Ventosa Cup para GoPro modelos HD HERO 1, HD HERO2, HD HERO3, HERO 3+, HERO 4, HERO5, HERO 6, HERO 7, HERO 8 E HERO 9<br \/>\n1 x adaptador trip<\/p>\n<p>Obs: Imagem Ilustrativas n\u00e3o acompanha c\u00e2mera e case<\/p>\n","protected":false},"excerpt":{"rendered":"<p>O suporte ventosa adere firmemente ai caixa da c\u00e2mera em ve\u00edculos, janelas, tanque de combust\u00edvel, barcos, caiaque. Perfeito para motorsports.<\/p>\n<p>Sua constru\u00e7\u00e3o permite ser utilizado em todos os modelos HD HERO 1, HD HERO2 e HD HERO3, HERO 3+, HERO 4, HERO5, HERO 6, HERO 7, HERO 8 E HERO 9\u00a0 Profissional e tamb\u00e9m todas as demais c\u00e2meras de encaixe universal de parafuso 1\/4.<\/p>\n","protected":false},"featured_media":12677,"template":"","meta":{"_joinchat":[]},"_links":{"self":[{"href":"https:\/\/mistersates-import.com.br\/loja\/wp-json\/wp\/v2\/product\/12676"}],"collection":[{"href":"https:\/\/mistersates-import.com.br\/loja\/wp-json\/wp\/v2\/product"}],"about":[{"href":"https:\/\/mistersates-import.com.br\/loja\/wp-json\/wp\/v2\/types\/product"}],"wp:featuredmedia":[{"embeddable":true,"href":"https:\/\/mistersates-import.com.br\/loja\/wp-json\/wp\/v2\/media\/12677"}],"wp:attachment":[{"href":"https:\/\/mistersates-import.com.br\/loja\/wp-json\/wp\/v2\/media?parent=12676"}],"curies":[{"name":"wp","href":"https:\/\/api.w.org\/{rel}","templated":true}]}}