{"id":12680,"date":"2021-06-24T12:34:15","date_gmt":"2021-06-24T15:34:15","guid":{"rendered":"https:\/\/mistersates-import.com.br\/loja\/?post_type=product&#038;p=12680"},"modified":"2025-08-27T17:50:16","modified_gmt":"2025-08-27T20:50:16","slug":"suporte-gopro-360-graus-capacete-giratorio-todas-gopro-e-cameras-em-acao","status":"publish","type":"product","link":"https:\/\/mistersates-import.com.br\/loja\/product\/suporte-gopro-360-graus-capacete-giratorio-todas-gopro-e-cameras-em-acao\/","title":{"rendered":"Suporte Gopro 360 Graus Capacete Girat\u00f3rio TODAS GOPRO E CAMERAS EM A\u00c7\u00c3O"},"content":{"rendered":"<p>Suporte Girat\u00f3rio para GoPro Hero 1, 2, 3 e 3+ 4 5 6 7 9 360 Graus<\/p>\n<p>Pronta entrega<\/p>\n<p>Serve GoPro 1, 2, 3 e 3+ 4 5 6 7 8<\/p>\n<p>Acompanha Parafuso<\/p>\n<p>Produto de excelente qualidade que pode filmar no \u00e2ngulo que desejar em 360 graus! Serve em qualquer suporte GoPro.<br \/>\nPara uso em capacete de Moto Cross, Moto e Bike em Trilha, pode filmar o pessoal em qualquer dire\u00e7\u00e3o seja atr\u00e1s, ao lado permitindo filmagens muito mais<br \/>\ninteressantes.<\/p>\n<p>Muito resistente;<br \/>\nN\u00e3o vibra;<\/p>\n<p>Incluso:<\/p>\n<p>1 X Suporte GoPro 360<br \/>\n1 X Parafuso para Prender a C\u00e2mera<\/p>\n","protected":false},"excerpt":{"rendered":"<p>Suporte Girat\u00f3rio para GoPro Hero 1, 2, 3 e 3+ 4 5 6 7 9 360 Graus<\/p>\n<p>Pronta entrega<\/p>\n<p>Serve GoPro 1, 2, 3 e 3+ 4 5 6 7 8<\/p>\n","protected":false},"featured_media":12681,"template":"","meta":{"_joinchat":[]},"_links":{"self":[{"href":"https:\/\/mistersates-import.com.br\/loja\/wp-json\/wp\/v2\/product\/12680"}],"collection":[{"href":"https:\/\/mistersates-import.com.br\/loja\/wp-json\/wp\/v2\/product"}],"about":[{"href":"https:\/\/mistersates-import.com.br\/loja\/wp-json\/wp\/v2\/types\/product"}],"wp:featuredmedia":[{"embeddable":true,"href":"https:\/\/mistersates-import.com.br\/loja\/wp-json\/wp\/v2\/media\/12681"}],"wp:attachment":[{"href":"https:\/\/mistersates-import.com.br\/loja\/wp-json\/wp\/v2\/media?parent=12680"}],"curies":[{"name":"wp","href":"https:\/\/api.w.org\/{rel}","templated":true}]}}