{"id":12685,"date":"2021-06-24T12:42:30","date_gmt":"2021-06-24T15:42:30","guid":{"rendered":"https:\/\/mistersates-import.com.br\/loja\/?post_type=product&#038;p=12685"},"modified":"2026-04-01T11:58:08","modified_gmt":"2026-04-01T14:58:08","slug":"suporte-gopro-ride-bicicleta-mosquetao-guidao","status":"publish","type":"product","link":"https:\/\/mistersates-import.com.br\/loja\/product\/suporte-gopro-ride-bicicleta-mosquetao-guidao\/","title":{"rendered":"Suporte Gopro Ride Bicicleta Mosquet\u00e3o Guid\u00e3o"},"content":{"rendered":"<p>Gopro Hero 4\/3 +\/3\/2 Acess\u00f3rios Da Bicicleta Da Motocicleta Guiador Trip\u00e9 Montar Titular<\/p>\n<p>acess\u00f3rio para a C\u00e2mera Gopro Da Bicicleta Da Motocicleta Guiador Trip\u00e9 Montar Titular<br \/>\nesta \u00e9 uma bicicleta da motocicleta guiador trip\u00e9 montar titular para Gopro Hero 4 3 + 3 2 1 c\u00e2mera. it pode prender firmemente o seu GoPro para guid\u00e3o de bicicleta e outros equipamentos ao ar livre, assim voc\u00ea pode gravar toda a a\u00e7\u00e3o ao mesmo tempo mantendo as m\u00e3os livres. Um bom assistente para o ciclista.<\/p>\n<p>Caracter\u00edsticas do produto<br \/>\n100% brand new e de alta qualidade.<br \/>\nDo Motor da bicicleta do Guiador Montagem para Gopro C\u00e2mera.<br \/>\nOpera\u00e7\u00e3o f\u00e1cil, conveniente de usar e instalar.<br \/>\nAjudar os usu\u00e1rios a apoiar a sua c\u00e2mera e deixe suas m\u00e3os livres.<br \/>\nPeso leve mas de excelente qualidade, proporcionando uma grande experi\u00eancia no uso para os usa.<br \/>\nCom universal 1\/4 de polegada de parafuso, tamb\u00e9m compat\u00edvel com a maioria das c\u00e2meras digitais.<br \/>\nAcess\u00f3rio s\u00f3, a c\u00e2mera na foto N\u00c3O \u00c9 incluir!<br \/>\nEspecifica\u00e7\u00e3o<br \/>\nTipo de dispositivo: Guiador da Bicicleta de Montagem<br \/>\ncompat\u00edvel Di\u00e2metro do Guid\u00e3o: 20mm-35mm<br \/>\nTipo de Inter*1\/4 de polegada de parafuso<br \/>\nMaterial: Pl\u00e1stico<\/p>\n<p>Bicicleta Guiador Montar Titular.<br \/>\nTrip\u00e9 Adaptador de Montagem para GoPro Her\u00f3i 1 2 3 + 3 4 5 6 7 8 9<\/p>\n","protected":false},"excerpt":{"rendered":"<p>Gopro Hero 4\/3 +\/3\/2 Acess\u00f3rios Da Bicicleta Da Motocicleta Guiador Trip\u00e9 Montar Titular<\/p>\n<p>acess\u00f3rio para a C\u00e2mera Gopro Da Bicicleta Da Motocicleta Guiador Trip\u00e9 Montar Titular<br \/>\nesta \u00e9 uma bicicleta da motocicleta guiador trip\u00e9 montar titular para Gopro Hero 4 3 + 3 2 1 c\u00e2mera. it pode prender firmemente o seu GoPro para guid\u00e3o de bicicleta e outros equipamentos ao ar livre, assim voc\u00ea pode gravar toda a a\u00e7\u00e3o ao mesmo tempo mantendo as m\u00e3os livres. Um bom assistente para o ciclista.<\/p>\n","protected":false},"featured_media":14867,"template":"","meta":{"_joinchat":[]},"_links":{"self":[{"href":"https:\/\/mistersates-import.com.br\/loja\/wp-json\/wp\/v2\/product\/12685"}],"collection":[{"href":"https:\/\/mistersates-import.com.br\/loja\/wp-json\/wp\/v2\/product"}],"about":[{"href":"https:\/\/mistersates-import.com.br\/loja\/wp-json\/wp\/v2\/types\/product"}],"wp:featuredmedia":[{"embeddable":true,"href":"https:\/\/mistersates-import.com.br\/loja\/wp-json\/wp\/v2\/media\/14867"}],"wp:attachment":[{"href":"https:\/\/mistersates-import.com.br\/loja\/wp-json\/wp\/v2\/media?parent=12685"}],"curies":[{"name":"wp","href":"https:\/\/api.w.org\/{rel}","templated":true}]}}