{"id":12691,"date":"2021-06-24T13:04:14","date_gmt":"2021-06-24T16:04:14","guid":{"rendered":"https:\/\/mistersates-import.com.br\/loja\/?post_type=product&#038;p=12691"},"modified":"2025-08-13T12:35:51","modified_gmt":"2025-08-13T15:35:51","slug":"suporte-celular-para-motocicleta-bike-impermeavel-11-x-18","status":"publish","type":"product","link":"https:\/\/mistersates-import.com.br\/loja\/product\/suporte-celular-para-motocicleta-bike-impermeavel-11-x-18\/","title":{"rendered":"Suporte Celular Para Motocicleta Bike Impermeavel 9,5 x 16,5"},"content":{"rendered":"<p>Descri\u00e7\u00e3o:<\/p>\n<p>SUPORTE DE GUID\u00c3O<\/p>\n<p>O suporte de guid\u00e3o com caixa universal \u00e9 uma solu\u00e7\u00e3o de custo eficaz para usar ao ar livre na moto ou bicicleta.<\/p>\n<p>O toque transparente atrav\u00e9s da lente permite visualizar e controlar a tela sens\u00edvel ao toque do seu celular.<\/p>\n<p>O case completamente protege a unidade de p\u00f3 e choque. Tem peda\u00e7os de espuma inclu\u00eddas para ajustar a espessura diferente, enquanto absorve choques e solavancos.<\/p>\n<p>CARACTER\u00cdSTICAS<\/p>\n<p>&#8211; Protetora contra Impacto, Chuva, Sol e Poeira<br \/>\n&#8211; Compat\u00edvel com smartphones de at\u00e9 5,5&#8243;<br \/>\n&#8211; Di\u00e2metro adequado do guid\u00e3o: 20-25mm<br \/>\n&#8211; Prote\u00e7\u00e3o anti-riscos, case semi perme\u00e1vel<br \/>\n&#8211; Ideal para uso em bicicletas e motos<br \/>\n&#8211; Pl\u00e1stico transparente permite toque e visualiza\u00e7\u00e3o<br \/>\n&#8211; Fechamento em z\u00edper<\/p>\n<p>TAMANHO COMPAT\u00cdVEIS<\/p>\n<p>-LARGURA M\u00c1XIMA COMPAT\u00cdVEL &#8211; 9.5 CM<\/p>\n<p>-ALTURA M\u00c1XIMA COMPAT\u00cdVEL &#8211; 16.5 CM<\/p>\n<p>-ESPESSURA M\u00c1XIMA COMPAT\u00cdVEL &#8211; 2,5 CM<\/p>\n","protected":false},"excerpt":{"rendered":"<p>Suporte Celular Imperme\u00e1vel Moto Bicicleta &#8211; MTG-016B<br \/>\n&#8211; Tomate Rota\u00e7\u00e3o 360 graus Resistente \u00e1 \u00e1gua F\u00e1cil Instala\u00e7\u00e3o Dispositivos de at\u00e9 6,3 Polegadas<br \/>\nSuporte de moto\/bicicleta resistente a intemp\u00e9ries F\u00e1cil de instalar, este suporte se adapta a qualquer bicicleta, scooter, moto, ou ve\u00edculos com guid\u00e3o.<br \/>\nCase resistente a mau tempo, projetado para manter seus dispositivos longe de choque e respingo enquanto estiverem ao ar livre.<br \/>\nCabe\u00e7a com rota\u00e7\u00e3o de 360 graus, que permite a vis\u00e3o perfeita. A janela transparente fornece vis\u00e3o perfeita a tela do dispositivo.<br \/>\nProduzido em pl\u00e1stico com espuma e base abs. Ideal para qualquer dispositivo port\u00e1til, com instala\u00e7\u00e3o no guid\u00e3o da bicicleta, moto ou qualquer ve\u00edculo com guid\u00e3o.<\/p>\n<p>&nbsp;<\/p>\n","protected":false},"featured_media":17518,"template":"","meta":{"_joinchat":[]},"_links":{"self":[{"href":"https:\/\/mistersates-import.com.br\/loja\/wp-json\/wp\/v2\/product\/12691"}],"collection":[{"href":"https:\/\/mistersates-import.com.br\/loja\/wp-json\/wp\/v2\/product"}],"about":[{"href":"https:\/\/mistersates-import.com.br\/loja\/wp-json\/wp\/v2\/types\/product"}],"wp:featuredmedia":[{"embeddable":true,"href":"https:\/\/mistersates-import.com.br\/loja\/wp-json\/wp\/v2\/media\/17518"}],"wp:attachment":[{"href":"https:\/\/mistersates-import.com.br\/loja\/wp-json\/wp\/v2\/media?parent=12691"}],"curies":[{"name":"wp","href":"https:\/\/api.w.org\/{rel}","templated":true}]}}