{"id":12711,"date":"2021-06-24T16:22:31","date_gmt":"2021-06-24T19:22:31","guid":{"rendered":"https:\/\/mistersates-import.com.br\/loja\/?post_type=product&#038;p=12711"},"modified":"2023-12-23T19:25:39","modified_gmt":"2023-12-23T22:25:39","slug":"tampas-protecao-lentes-gopro-334","status":"publish","type":"product","link":"https:\/\/mistersates-import.com.br\/loja\/product\/tampas-protecao-lentes-gopro-334\/","title":{"rendered":"Tampas Prote\u00e7\u00e3o Lentes GoPro 3,3+,4"},"content":{"rendered":"<p>Este conjunto de tampas de prote\u00e7\u00e3o \u00e9 o acess\u00f3rio ideal para proteger a lente da c\u00e2mera e da caixa estanque da sua GoPro Hero 3+ e Hero 4 contra arranh\u00f5es, sujeira ou respingos, especialmente durante o transporte ou armazenamento, garantindo maior vida \u00fatil do seu equipamento. As tampas s\u00e3o fabricadas em pl\u00e1stico ABS, com alta resist\u00eancia e durabilidade, e se encaixam perfeitamente sobre a lente da c\u00e2mera e da caixa estanque.<\/p>\n<p>Compatibilidade:<\/p>\n<p>Compat\u00edvel somente com as c\u00e2meras GoPro Hero 3+ e Hero 4.<\/p>\n<p>Itens inclusos:<br \/>\n1 x Tampa para a lente da c\u00e2mera Hero 3+ e Hero 4<br \/>\n1 x Tampa para a lente da caixa padr\u00e3o Hero 3+ e Hero 4<\/p>\n<p>Observa\u00e7\u00f5es:<\/p>\n<p>N\u00e3o acompanha c\u00e2mera e acess\u00f3rios.<br \/>\nImagens meramente ilustrativas.<br \/>\nProduto n\u00e3o fabricado pela GoPro.<\/p>\n","protected":false},"excerpt":{"rendered":"<p>Este conjunto de tampas de prote\u00e7\u00e3o \u00e9 o acess\u00f3rio ideal para proteger a lente da c\u00e2mera e da caixa estanque da sua GoPro Hero 3+ e Hero 4 contra arranh\u00f5es, sujeira ou respingos, especialmente durante o transporte ou armazenamento, garantindo maior vida \u00fatil do seu equipamento. As tampas s\u00e3o fabricadas em pl\u00e1stico ABS, com alta resist\u00eancia e durabilidade, e se encaixam perfeitamente sobre a lente da c\u00e2mera e da caixa estanque.<\/p>\n<p>Compatibilidade:<\/p>\n<p>Compat\u00edvel somente com as c\u00e2meras GoPro Hero 3+ e Hero 4.<\/p>\n","protected":false},"featured_media":12712,"template":"","meta":{"_joinchat":[]},"_links":{"self":[{"href":"https:\/\/mistersates-import.com.br\/loja\/wp-json\/wp\/v2\/product\/12711"}],"collection":[{"href":"https:\/\/mistersates-import.com.br\/loja\/wp-json\/wp\/v2\/product"}],"about":[{"href":"https:\/\/mistersates-import.com.br\/loja\/wp-json\/wp\/v2\/types\/product"}],"wp:featuredmedia":[{"embeddable":true,"href":"https:\/\/mistersates-import.com.br\/loja\/wp-json\/wp\/v2\/media\/12712"}],"wp:attachment":[{"href":"https:\/\/mistersates-import.com.br\/loja\/wp-json\/wp\/v2\/media?parent=12711"}],"curies":[{"name":"wp","href":"https:\/\/api.w.org\/{rel}","templated":true}]}}