{"id":12716,"date":"2021-06-24T16:42:50","date_gmt":"2021-06-24T19:42:50","guid":{"rendered":"https:\/\/mistersates-import.com.br\/loja\/?post_type=product&#038;p=12716"},"modified":"2026-03-26T10:37:15","modified_gmt":"2026-03-26T13:37:15","slug":"trava-caixa-estanque-gopro-hero-3-e-4","status":"publish","type":"product","link":"https:\/\/mistersates-import.com.br\/loja\/product\/trava-caixa-estanque-gopro-hero-3-e-4\/","title":{"rendered":"Trava Caixa Estanque Gopro hero 3+ e 4"},"content":{"rendered":"<p>Trava Da Caixa De Estanque GoPro 3+ ou 4<\/p>\n<p>\u00c9 um Clip de Fechamento \u00e0 Prova d&#8217;\u00e1gua Para Caixa Estanque Da GoPro Hero 3 3+ 4 .<\/p>\n<p>&#8211; Um Excelente Substituto Para Travas Antigas ou Quebradas.<br \/>\n&#8211; Excelente Qualidade.<br \/>\n&#8211; Material Resistente.<br \/>\n&#8211; Compat\u00edvel Com Os Modelos Da GoPro 3+ ou 4.<\/p>\n<p>O Que Est\u00e1 Incluso<\/p>\n<p>01 x Trava Da Caixa Estanque GoPro 3+ ou 4<\/p>\n","protected":false},"excerpt":{"rendered":"<p>Trava Da Caixa De Estanque GoPro 3+ ou 4<\/p>\n<p>\u00c9 um Clip de Fechamento \u00e0 Prova d&#8217;\u00e1gua Para Caixa Estanque Da GoPro Hero 3 3+ 4 .<\/p>\n<p>&#8211; Um Excelente Substituto Para Travas Antigas ou Quebradas.<br \/>\n&#8211; Excelente Qualidade.<br \/>\n&#8211; Material Resistente.<br \/>\n&#8211; Compat\u00edvel Com Os Modelos Da GoPro 3+ ou 4.<\/p>\n<p>&nbsp;<\/p>\n","protected":false},"featured_media":12717,"template":"","meta":{"_joinchat":[]},"_links":{"self":[{"href":"https:\/\/mistersates-import.com.br\/loja\/wp-json\/wp\/v2\/product\/12716"}],"collection":[{"href":"https:\/\/mistersates-import.com.br\/loja\/wp-json\/wp\/v2\/product"}],"about":[{"href":"https:\/\/mistersates-import.com.br\/loja\/wp-json\/wp\/v2\/types\/product"}],"wp:featuredmedia":[{"embeddable":true,"href":"https:\/\/mistersates-import.com.br\/loja\/wp-json\/wp\/v2\/media\/12717"}],"wp:attachment":[{"href":"https:\/\/mistersates-import.com.br\/loja\/wp-json\/wp\/v2\/media?parent=12716"}],"curies":[{"name":"wp","href":"https:\/\/api.w.org\/{rel}","templated":true}]}}