{"id":12728,"date":"2021-06-24T17:10:16","date_gmt":"2021-06-24T20:10:16","guid":{"rendered":"https:\/\/mistersates-import.com.br\/loja\/?post_type=product&#038;p=12728"},"modified":"2025-09-24T09:22:04","modified_gmt":"2025-09-24T12:22:04","slug":"cabo-conversor-vga-para-hdmi-1080p-com-audio-usb","status":"publish","type":"product","link":"https:\/\/mistersates-import.com.br\/loja\/product\/cabo-conversor-vga-para-hdmi-1080p-com-audio-usb\/","title":{"rendered":"Cabo Conversor VGA para HDMI 1080p com \u00c1udio USB"},"content":{"rendered":"<p>ATEN\u00c7\u00c3O:<\/p>\n<p>Este conversor somente converte sinal VGA para HDMI, EX: um notebook com sa\u00edda VGA ou um Desktop desta forma converte o VGA para HDMI para ligar na entrada de sua TV<\/p>\n<p>SOMENTE VGA PARA HDMI N\u00c3O FUNCIONA AO CONTRARIO.<\/p>\n<p>Converta o sinal VGA para HDMI com esse compacto e elegante Conversor VGA para HDMI com \u00c1udio USB. Com tecnologia Instru\u00e7\u00f5es Plug and Play, basta voc\u00ea conectar a sua sa\u00edda VGA a uma entrada HDMI e USB. Voc\u00ea ter\u00e1 a transmiss\u00e3o de som e imagem digital de 1080p. Muito utilizada em desktop, notebook, Dvd, aparelhos de Tv a cabo, c\u00e2meras de v\u00eddeo e outros equipamentos com sa\u00edda VGA.<\/p>\n<p>Especifica\u00e7\u00f5es:<\/p>\n<p>&#8211; Incorpora sinal de \u00e1udio com v\u00eddeo via USB<br \/>\n&#8211; Plug and play. Conecte o cabo USB para sa\u00edda de \u00e1udio.<\/p>\n<p>Resolu\u00e7\u00f5es VGA:<br \/>\n720p, 1080i e 1080p<\/p>\n<p>Design Port\u00e1til:<\/p>\n<p>Este adaptador compacto \u00e9 alimentado via USB<\/p>\n<p>Conte\u00fado da embalagem:<\/p>\n<p>1 &#8211; Cabo Conversor<br \/>\nAten\u00e7\u00e3o: Este conversor n\u00e3o \u00e9 bi-direcional. Ele s\u00f3 converte de VGA para HDMI<\/p>\n","protected":false},"excerpt":{"rendered":"<p>Este conversor somente converte sinal VGA para HDMI, EX: um notebook com sa\u00edda VGA ou um Desktop desta forma converte o VGA para HDMI para ligar na entrada de sua TV<\/p>\n<p>SOMENTE VGA PARA HDMI N\u00c3O FUNCIONA AO CONTRARIO.<\/p>\n<p>Converta o sinal VGA para HDMI com esse compacto e elegante Conversor VGA para HDMI com \u00c1udio USB. Com tecnologia Instru\u00e7\u00f5es Plug and Play, basta voc\u00ea conectar a sua sa\u00edda VGA a uma entrada HDMI e USB. Voc\u00ea ter\u00e1 a transmiss\u00e3o de som e imagem digital de 1080p. Muito utilizada em desktop, notebook, Dvd, aparelhos de Tv a cabo, c\u00e2meras de v\u00eddeo e outros equipamentos com sa\u00edda VGA.<\/p>\n","protected":false},"featured_media":16605,"template":"","meta":{"_joinchat":[]},"_links":{"self":[{"href":"https:\/\/mistersates-import.com.br\/loja\/wp-json\/wp\/v2\/product\/12728"}],"collection":[{"href":"https:\/\/mistersates-import.com.br\/loja\/wp-json\/wp\/v2\/product"}],"about":[{"href":"https:\/\/mistersates-import.com.br\/loja\/wp-json\/wp\/v2\/types\/product"}],"wp:featuredmedia":[{"embeddable":true,"href":"https:\/\/mistersates-import.com.br\/loja\/wp-json\/wp\/v2\/media\/16605"}],"wp:attachment":[{"href":"https:\/\/mistersates-import.com.br\/loja\/wp-json\/wp\/v2\/media?parent=12728"}],"curies":[{"name":"wp","href":"https:\/\/api.w.org\/{rel}","templated":true}]}}